{"id":20,"date":"2019-04-12T09:10:38","date_gmt":"2019-04-12T09:10:38","guid":{"rendered":"http:\/\/tuta.work\/?page_id=20"},"modified":"2020-09-23T08:18:22","modified_gmt":"2020-09-23T08:18:22","slug":"contact","status":"publish","type":"page","link":"https:\/\/wallet.egodev1.info\/fr\/contact\/","title":{"rendered":"NOUS CONTACTER"},"content":{"rendered":"<section id=\"contacts\">\n<div class=\"container\">\n<div class=\"row\">\n<div class=\"col-xl-6\">\n<div class=\"image\"><img class=\"img-fluid\" src=\"\/wp-content\/themes\/arbismart_2.0\/images\/contacts.png\" \/><\/div>\n<\/div>\n<div class=\"col-xl-6 d-flex\">\n<div class=\"content align-self-center\">\n<p>Vous avez une question ? Contactez notre \u00e9quipe d&rsquo;experts de sp\u00e9cialistes de l&rsquo;industrie et recevez des conseils personnels et professionnels 24 heures sur 24, 7 jours sur 7. Notre \u00e9quipe d&rsquo;assistance mondiale est disponible via plusieurs canaux, y compris l\u2019email, le t\u00e9l\u00e9phone, Whatsapp, Telegram, Viber et Messenger.<\/p>\n<\/div>\n<\/div>\n<\/div>\n<\/div>\n<\/section>\n<section id=\"Advantage\">\n<div class=\"container\">\n<div class=\"row\">\n<div class=\"col-xl-6 offset-xl-6 mb-5\">\n<div class=\"item\">\n<h2>L&rsquo;AVANTAGE<br \/>\nARBISMART<\/h2>\n<p>La technologie hautement innovante en instance de brevet de Smart Arbitrage Systems renforce votre portefeuille en effectuant la bonne d\u00e9cision au bon moment. Notre plate-forme de nouvelle g\u00e9n\u00e9ration b\u00e9n\u00e9ficie de la transparence et de la s\u00e9curit\u00e9 inn\u00e9es de la blockchain, tout en offrant des niveaux de vitesse et de fiabilit\u00e9 sans pr\u00e9c\u00e9dent. H\u00e9berg\u00e9 dans un centre de donn\u00e9es \u00e0 haut d\u00e9bit, notre syst\u00e8me \u00e9value automatiquement les placements et effectue des transactions g\u00e9n\u00e9ratrices de revenus en temps r\u00e9el, afin que vous puissiez b\u00e9n\u00e9ficier du d\u00e9veloppement d&rsquo;opportunit\u00e9s de crypto-march\u00e9 d\u00e8s qu&rsquo;elles se pr\u00e9sentent.<\/p>\n<\/div>\n<\/div>\n<div class=\"col-xl-6\">\n<div class=\"item email\">\n<div class=\"title\">Email<\/div>\n<p><a href=\"mailto:support@arbismart.com\">support@arbismart.com<\/a><\/p>\n<\/div>\n<\/div>\n<div class=\"col-xl-6\">\n<div class=\"item time\">\n<div class=\"title\">24\/7<\/div>\n<p>L&rsquo;\u00e9quipe mondiale de Smart Arbitrage Systems est disponible 24h \/ 24 et 7j \/ 7 pour offrir une assistance professionnelle et experte<\/p>\n<\/div>\n<\/div>\n<\/div>\n<\/div>\n<\/section>\n<section id=\"social_media\">\n<div class=\"container\">\n<div class=\"row\">\n<div class=\"col-xl-6 offset-xl-6\">\n<h2 class=\"mb-5 pb-4\">Social media<\/h2>\n<\/div>\n<div class=\"col-xl-6 Telegram\">\n<div class=\"phone\" style=\"position: absolute; top: -23px;\"><a href=\"https:\/\/t.me\/arbiSmart\" target=\"_blank\" rel=\"noopener noreferrer\"><small>Channel: @Arbismart<\/small><\/a><\/div>\n<div class=\"phone\"><a href=\"https:\/\/t.me\/ArbiSmart_Support\" target=\"_blank\" rel=\"noopener noreferrer\"><small>Support: @ArbiSmart_Support<\/small><\/a><\/div>\n<div class=\"title\"><a href=\"https:\/\/t.me\/ArbiSmart_Support\" target=\"_blank\" rel=\"noopener noreferrer\">Telegram<\/a><\/div>\n<\/div>\n<div class=\"col-xl-6 Whatsapp d-none\">\n<div class=\"phone\"><\/div>\n<div class=\"title\"><\/div>\n<\/div>\n<div class=\"col-xl-6 Facebook\">\n<div class=\"phone\"><a href=\"https:\/\/www.facebook.com\/arbismartplatform\/\" target=\"_blank\" rel=\"noopener noreferrer\">\/arbismartplatform<\/a><\/div>\n<div class=\"title\"><a href=\"https:\/\/www.facebook.com\/arbismartplatform\/\" target=\"_blank\" rel=\"noopener noreferrer\">Facebook<\/a><\/div>\n<\/div>\n<div class=\"col-xl-6 Viber d-none\">\n<div class=\"phone\"><\/div>\n<div class=\"title\"><\/div>\n<\/div>\n<div class=\"col-xl-6 Twitter\">\n<div class=\"phone\"><a href=\"https:\/\/twitter.com\/arbismart\" target=\"_blank\" rel=\"noopener noreferrer\">\/arbismart<\/a><\/div>\n<div class=\"title\"><a href=\"https:\/\/twitter.com\/arbismart\" target=\"_blank\" rel=\"noopener noreferrer\">Twitter<\/a><\/div>\n<\/div>\n<div class=\"col-xl-6 Instagram\">\n<div class=\"phone\"><a href=\"https:\/\/www.instagram.com\/arbismart\/\" target=\"_blank\" rel=\"noopener noreferrer\">\/arbismart<\/a><\/div>\n<div class=\"title\"><a href=\"https:\/\/www.instagram.com\/arbismart\/\" target=\"_blank\" rel=\"noopener noreferrer\">Instagram<\/a><\/div>\n<\/div>\n<\/div>\n<\/div>\n<\/section>\n","protected":false},"excerpt":{"rendered":"Vous avez une question ? Contactez notre \u00e9quipe d&rsquo;experts de sp\u00e9cialistes de l&rsquo;industrie et recevez des conseils personnels et professionnels 24 heures sur 24, 7 jours sur 7. Notre \u00e9quipe d&rsquo;assistance mondiale est disponible via plusieurs canaux, y compris l\u2019email, le t\u00e9l\u00e9phone, Whatsapp, Telegram, Viber et Messenger. L&rsquo;AVANTAGE ARBISMART La technologie hautement innovante en instance&#8230;","protected":false},"author":1,"featured_media":0,"parent":0,"menu_order":0,"comment_status":"closed","ping_status":"closed","template":"","meta":[],"yoast_head":"<!-- This site is optimized with the Yoast SEO plugin v18.4.1 - https:\/\/yoast.com\/wordpress\/plugins\/seo\/ -->\n<title>Contact us | ArbiSmart<\/title>\n<meta name=\"description\" content=\"Have a question? Get in touch with our expert team of industry specialists and receive personal, professional guidance twenty four hours a day, seven days a week. Our global support staff is available, via multiple channels, including email, phone, Whatsapp, Telegram, Viber, and Messenger.\" \/>\n<meta name=\"robots\" content=\"index, follow, max-snippet:-1, max-image-preview:large, max-video-preview:-1\" \/>\n<link rel=\"canonical\" href=\"https:\/\/wallet.egodev1.info\/contact\/\" \/>\n<meta property=\"og:locale\" content=\"fr_FR\" \/>\n<meta property=\"og:type\" content=\"article\" \/>\n<meta property=\"og:title\" content=\"Contact us | ArbiSmart\" \/>\n<meta property=\"og:description\" content=\"Have a question? Get in touch with our expert team of industry specialists and receive personal, professional guidance twenty four hours a day, seven days a week. Our global support staff is available, via multiple channels, including email, phone, Whatsapp, Telegram, Viber, and Messenger.\" \/>\n<meta property=\"og:url\" content=\"https:\/\/wallet.egodev1.info\/contact\/\" \/>\n<meta property=\"og:site_name\" content=\"Arbismart - Trusted Transparent Arbitrage Trading - EU Regulated.\" \/>\n<meta property=\"article:modified_time\" content=\"2020-09-23T08:18:22+00:00\" \/>\n<meta property=\"og:image\" content=\"https:\/\/wallet.egodev1.info\/wp-content\/themes\/arbismart_2.0\/images\/contacts.png\" \/>\n<meta name=\"twitter:card\" content=\"summary_large_image\" \/>\n<meta name=\"twitter:label1\" content=\"Dur\u00e9e de lecture estim\u00e9e\" \/>\n\t<meta name=\"twitter:data1\" content=\"6 minutes\" \/>\n<script type=\"application\/ld+json\" class=\"yoast-schema-graph\">{\"@context\":\"https:\/\/schema.org\",\"@graph\":[{\"@type\":\"WebSite\",\"@id\":\"https:\/\/wallet.egodev1.info\/#website\",\"url\":\"https:\/\/wallet.egodev1.info\/\",\"name\":\"Arbismart - Trusted Transparent Arbitrage Trading - EU Regulated.\",\"description\":\"Smart Arbitrage Systems\",\"potentialAction\":[{\"@type\":\"SearchAction\",\"target\":{\"@type\":\"EntryPoint\",\"urlTemplate\":\"https:\/\/wallet.egodev1.info\/?s={search_term_string}\"},\"query-input\":\"required name=search_term_string\"}],\"inLanguage\":\"fr\"},{\"@type\":\"ImageObject\",\"@id\":\"https:\/\/wallet.egodev1.info\/contact\/#primaryimage\",\"inLanguage\":\"fr\",\"url\":\"\/wp-content\/themes\/arbismart_2.0\/images\/contacts.png\",\"contentUrl\":\"\/wp-content\/themes\/arbismart_2.0\/images\/contacts.png\"},{\"@type\":\"WebPage\",\"@id\":\"https:\/\/wallet.egodev1.info\/contact\/#webpage\",\"url\":\"https:\/\/wallet.egodev1.info\/contact\/\",\"name\":\"Contact us | ArbiSmart\",\"isPartOf\":{\"@id\":\"https:\/\/wallet.egodev1.info\/#website\"},\"primaryImageOfPage\":{\"@id\":\"https:\/\/wallet.egodev1.info\/contact\/#primaryimage\"},\"datePublished\":\"2019-04-12T09:10:38+00:00\",\"dateModified\":\"2020-09-23T08:18:22+00:00\",\"description\":\"Have a question? Get in touch with our expert team of industry specialists and receive personal, professional guidance twenty four hours a day, seven days a week. Our global support staff is available, via multiple channels, including email, phone, Whatsapp, Telegram, Viber, and Messenger.\",\"breadcrumb\":{\"@id\":\"https:\/\/wallet.egodev1.info\/contact\/#breadcrumb\"},\"inLanguage\":\"fr\",\"potentialAction\":[{\"@type\":\"ReadAction\",\"target\":[\"https:\/\/wallet.egodev1.info\/contact\/\"]}]},{\"@type\":\"BreadcrumbList\",\"@id\":\"https:\/\/wallet.egodev1.info\/contact\/#breadcrumb\",\"itemListElement\":[{\"@type\":\"ListItem\",\"position\":1,\"name\":\"Home\",\"item\":\"https:\/\/wallet.egodev1.info\/\"},{\"@type\":\"ListItem\",\"position\":2,\"name\":\"Contact us\"}]}]}<\/script>\n<!-- \/ Yoast SEO plugin. -->","yoast_head_json":{"title":"Contact us | ArbiSmart","description":"Have a question? Get in touch with our expert team of industry specialists and receive personal, professional guidance twenty four hours a day, seven days a week. Our global support staff is available, via multiple channels, including email, phone, Whatsapp, Telegram, Viber, and Messenger.","robots":{"index":"index","follow":"follow","max-snippet":"max-snippet:-1","max-image-preview":"max-image-preview:large","max-video-preview":"max-video-preview:-1"},"canonical":"https:\/\/wallet.egodev1.info\/contact\/","og_locale":"fr_FR","og_type":"article","og_title":"Contact us | ArbiSmart","og_description":"Have a question? Get in touch with our expert team of industry specialists and receive personal, professional guidance twenty four hours a day, seven days a week. Our global support staff is available, via multiple channels, including email, phone, Whatsapp, Telegram, Viber, and Messenger.","og_url":"https:\/\/wallet.egodev1.info\/contact\/","og_site_name":"Arbismart - Trusted Transparent Arbitrage Trading - EU Regulated.","article_modified_time":"2020-09-23T08:18:22+00:00","og_image":[{"url":"https:\/\/wallet.egodev1.info\/wp-content\/themes\/arbismart_2.0\/images\/contacts.png"}],"twitter_card":"summary_large_image","twitter_misc":{"Dur\u00e9e de lecture estim\u00e9e":"6 minutes"},"schema":{"@context":"https:\/\/schema.org","@graph":[{"@type":"WebSite","@id":"https:\/\/wallet.egodev1.info\/#website","url":"https:\/\/wallet.egodev1.info\/","name":"Arbismart - Trusted Transparent Arbitrage Trading - EU Regulated.","description":"Smart Arbitrage Systems","potentialAction":[{"@type":"SearchAction","target":{"@type":"EntryPoint","urlTemplate":"https:\/\/wallet.egodev1.info\/?s={search_term_string}"},"query-input":"required name=search_term_string"}],"inLanguage":"fr"},{"@type":"ImageObject","@id":"https:\/\/wallet.egodev1.info\/contact\/#primaryimage","inLanguage":"fr","url":"\/wp-content\/themes\/arbismart_2.0\/images\/contacts.png","contentUrl":"\/wp-content\/themes\/arbismart_2.0\/images\/contacts.png"},{"@type":"WebPage","@id":"https:\/\/wallet.egodev1.info\/contact\/#webpage","url":"https:\/\/wallet.egodev1.info\/contact\/","name":"Contact us | ArbiSmart","isPartOf":{"@id":"https:\/\/wallet.egodev1.info\/#website"},"primaryImageOfPage":{"@id":"https:\/\/wallet.egodev1.info\/contact\/#primaryimage"},"datePublished":"2019-04-12T09:10:38+00:00","dateModified":"2020-09-23T08:18:22+00:00","description":"Have a question? Get in touch with our expert team of industry specialists and receive personal, professional guidance twenty four hours a day, seven days a week. Our global support staff is available, via multiple channels, including email, phone, Whatsapp, Telegram, Viber, and Messenger.","breadcrumb":{"@id":"https:\/\/wallet.egodev1.info\/contact\/#breadcrumb"},"inLanguage":"fr","potentialAction":[{"@type":"ReadAction","target":["https:\/\/wallet.egodev1.info\/contact\/"]}]},{"@type":"BreadcrumbList","@id":"https:\/\/wallet.egodev1.info\/contact\/#breadcrumb","itemListElement":[{"@type":"ListItem","position":1,"name":"Home","item":"https:\/\/wallet.egodev1.info\/"},{"@type":"ListItem","position":2,"name":"Contact us"}]}]}},"_links":{"self":[{"href":"https:\/\/wallet.egodev1.info\/fr\/wp-json\/wp\/v2\/pages\/20"}],"collection":[{"href":"https:\/\/wallet.egodev1.info\/fr\/wp-json\/wp\/v2\/pages"}],"about":[{"href":"https:\/\/wallet.egodev1.info\/fr\/wp-json\/wp\/v2\/types\/page"}],"author":[{"embeddable":true,"href":"https:\/\/wallet.egodev1.info\/fr\/wp-json\/wp\/v2\/users\/1"}],"replies":[{"embeddable":true,"href":"https:\/\/wallet.egodev1.info\/fr\/wp-json\/wp\/v2\/comments?post=20"}],"version-history":[{"count":77,"href":"https:\/\/wallet.egodev1.info\/fr\/wp-json\/wp\/v2\/pages\/20\/revisions"}],"predecessor-version":[{"id":1180,"href":"https:\/\/wallet.egodev1.info\/fr\/wp-json\/wp\/v2\/pages\/20\/revisions\/1180"}],"wp:attachment":[{"href":"https:\/\/wallet.egodev1.info\/fr\/wp-json\/wp\/v2\/media?parent=20"}],"curies":[{"name":"wp","href":"https:\/\/api.w.org\/{rel}","templated":true}]}}