{"id":22,"date":"2019-04-12T09:10:52","date_gmt":"2019-04-12T09:10:52","guid":{"rendered":"http:\/\/tuta.work\/?page_id=22"},"modified":"2021-12-28T07:44:26","modified_gmt":"2021-12-28T07:44:26","slug":"faq","status":"publish","type":"page","link":"https:\/\/wallet.egodev1.info\/es\/faq\/","title":{"rendered":"FAQs"},"content":{"rendered":"<div class=\"row panel-group panels-boxes-group sm-animation slide-up\">\n<div class=\"col-md-12 panel-box\"> <a class=\"panel-title pad-title\"> <span class=\"ph-cell\"><\/span> <\/a><\/p>\n<div class=\"panel-collapse \">\n<div class=\"panel-body\">\n<h4 class=\"panel-title body-title\"> <span class=\"ph-cell toggle-txt\">Qu\u00e9 es el arbitraje?<\/span><\/h4>\n<div class=\"panel-content\">\n<p>El arbitraje consiste b\u00e1sicamente en comprar un valor, una divisa, una materia prima o una criptomoneda en un mercado y venderlo en otro mercado a un precio m\u00e1s alto, aprovechando la diferencia temporal en los precios. El arbitraje se considera una ganancia de bajo riesgo para el inversionista.<\/p>\n<p>ArbiSmart est\u00e1 utilizando un sistema automatizado para conectarse a numerosos sitios de intercambios con el fin de comprar y vender diferentes tipos de activos. El sistema busca en estos sitios el precio m\u00e1s bajo posible para comprar un activo y luego busca el precio m\u00e1s alto para venderlo, con el objetivo de generar ingresos a partir de las diferencias en el precio del activo.<\/p>\n<\/div>\n<\/div>\n<\/div>\n<\/div>\n<div class=\"col-md-12 panel-box\"> <a class=\"panel-title pad-title\"> <span class=\"ph-cell\"><\/span> <\/a><\/p>\n<div class=\"panel-collapse\">\n<div class=\"panel-body\">\n<h4 class=\"panel-title body-title\"><span class=\"ph-cell toggle-txt\">C\u00f3mo funciona el sistema de Arbismart?<\/span><\/h4>\n<div class=\"panel-content\">\n<p>El sistema de ArbiSmart utiliza tecnolog\u00eda avanzada pendiente de patente para identificar los mejores precios para el intercambio de criptomonedas en varios sitios. ArbiSmart est\u00e1 conectado a los sitios de intercambios en tiempo real. El sistema es capaz de ejecutar autom\u00e1ticamente un gran volumen de operaciones simult\u00e1neamente, evaluando los diferenciales, comprando al precio m\u00e1s bajo disponible en un intercambio y luego vendiendo por el mayor beneficio posible en otro.<\/p>\n<\/div>\n<\/div>\n<\/div>\n<\/div>\n<div class=\"col-md-12 panel-box\"> <a class=\"panel-title pad-title\"> <span class=\"ph-cell\"><\/span> <\/a><\/p>\n<div class=\"panel-collapse\">\n<div class=\"panel-body\">\n<h4 class=\"panel-title body-title\"><span class=\"ph-cell toggle-txt\">C\u00f3mo puedo registrarme en ArbiSmart?<\/span><\/h4>\n<div class=\"panel-content\">\n<p>Para registrarse en ArbiSmart, simplemente haga clic en el bot\u00f3n Registrarse en la parte superior de la p\u00e1gina de inicio.<\/p>\n<\/div>\n<\/div>\n<\/div>\n<\/div>\n<div class=\"col-md-12 panel-box\"> <a class=\"panel-title pad-title\"> <span class=\"ph-cell\"><\/span> <\/a><\/p>\n<div class=\"panel-collapse\">\n<div class=\"panel-body\">\n<h4 class=\"panel-title body-title\"><span class=\"ph-cell toggle-txt\">Estoy registrado, pero a\u00fan no puedo iniciar sesi\u00f3n en mi cuenta. Qu\u00e9 debo hacer? <\/span><\/h4>\n<div class=\"panel-content\">\n<p>En primer lugar, compruebe que ha recibido el correo electr\u00f3nico de activaci\u00f3n, que se le enviar\u00e1 al completar su registro, y haga clic en el enlace de activaci\u00f3n.<\/p>\n<p>Aseg\u00farese tambi\u00e9n de haber introducido su contrase\u00f1a correctamente.<\/p>\n<p>Si a\u00fan tiene dificultades, p\u00f3ngase en contacto con nuestro equipo de asistencia y uno de nuestros representantes estar\u00e1 encantado de ayudarle.<\/p>\n<\/div>\n<\/div>\n<\/div>\n<\/div>\n<div class=\"col-md-12 panel-box\"> <a class=\"panel-title pad-title\"> <span class=\"ph-cell\"><\/span> <\/a><\/p>\n<div class=\"panel-collapse\">\n<div class=\"panel-body\">\n<h4 class=\"panel-title body-title\"><span class=\"ph-cell toggle-txt\">C\u00f3mo y cu\u00e1ndo puedo recibir mis pagos de recompensas? <\/span><\/h4>\n<div class=\"panel-content\">\n<p>Tan pronto como haya completado su recompensa, el contenido se enviar\u00e1 para su revisi\u00f3n. Una vez que se haya verificado su recompensa, recibir\u00e1 sus tokens directamente en su cuenta.<\/p>\n<\/div>\n<\/div>\n<\/div>\n<\/div>\n<div class=\"col-md-12 panel-box\"> <a class=\"panel-title pad-title\"> <span class=\"ph-cell\"><\/span> <\/a><\/p>\n<div class=\"panel-collapse\">\n<div class=\"panel-body\">\n<h4 class=\"panel-title body-title\"><span class=\"ph-cell toggle-txt\">Hay un importe m\u00ednimo de inversi\u00f3n inicial? <\/span><\/h4>\n<div class=\"panel-content\">\n<p>El importe m\u00ednimo de dep\u00f3sito inicial de ArbiSmart es de 500 EUR. Tenga en cuenta que nos reservamos el derecho de cambiar esta suma a nuestra discreci\u00f3n.<\/p>\n<\/div>\n<\/div>\n<\/div>\n<\/div>\n<div class=\"col-md-12 panel-box\"> <a class=\"panel-title pad-title\"> <span class=\"ph-cell\"><\/span> <\/a><\/p>\n<div class=\"panel-collapse\">\n<div class=\"panel-body\">\n<h4 class=\"panel-title body-title\"><span class=\"ph-cell toggle-txt\">Puedo tener m\u00e1s de una cuenta de arbitraje? <\/span><\/h4>\n<div class=\"panel-content\">\n<p>Cada cliente individual puede tener solo una cuenta privada, pero s\u00ed permitimos cuentas corporativas adicionales. P\u00f3ngase en contacto con nuestro equipo de asistencia para obtener m\u00e1s informaci\u00f3n sobre c\u00f3mo abrir una cuenta para su empresa.<\/p>\n<\/div>\n<\/div>\n<\/div>\n<\/div>\n<div class=\"col-md-12 panel-box\"> <a class=\"panel-title pad-title\"> <span class=\"ph-cell\"><\/span> <\/a><\/p>\n<div class=\"panel-collapse\">\n<div class=\"panel-body\">\n<h4 class=\"panel-title body-title\"><span class=\"ph-cell toggle-txt\">Durante qu\u00e9 horas est\u00e1 el sistema activo y realizando operaciones? <\/span><\/h4>\n<div class=\"panel-content\">\n<p>El sistema de ArbiSmart est\u00e1 activo las 24 horas del d\u00eda, los 7 d\u00edas de la semana.<\/p>\n<\/div>\n<\/div>\n<\/div>\n<\/div>\n<div class=\"col-md-12 panel-box\"> <a class=\"panel-title pad-title\"> <span class=\"ph-cell\"><\/span> <\/a><\/p>\n<div class=\"panel-collapse\">\n<div class=\"panel-body\">\n<h4 class=\"panel-title body-title\"><span class=\"ph-cell toggle-txt\">C\u00f3mo hago un dep\u00f3sito? <\/span><\/h4>\n<div class=\"panel-content\">\n<p>Depositar fondos con ArbiSmart es r\u00e1pido y simple. En la p\u00e1gina principal del panel encontrar\u00e1 una variedad de m\u00e9todos de pago, como criptomonedas, transferencia bancaria y tarjeta de cr\u00e9dito. Simplemente elija su opci\u00f3n de pago preferida y haga su dep\u00f3sito.<\/p>\n<\/div>\n<\/div>\n<\/div>\n<\/div>\n<div class=\"col-md-12 panel-box\"> <a class=\"panel-title pad-title\"> <span class=\"ph-cell\"><\/span> <\/a><\/p>\n<div class=\"panel-collapse\">\n<div class=\"panel-body\">\n<h4 class=\"panel-title body-title\"><span class=\"ph-cell toggle-txt\">C\u00f3mo realizo un retiro de fondos? <\/span><\/h4>\n<div class=\"panel-content\">\n<p>Retirar sus fondos es r\u00e1pido, f\u00e1cil y sin complicaciones. Simplemente vaya a su cuenta y realice una solicitud de retiro, que se procesar\u00e1 en un plazo de 24 horas.<\/p>\n<p>Tenga en cuenta que para realizar un retiro debe asegurarse de haber completado el formulario de Conozca a su cliente (KYC) y de que todos los datos de su cuenta sean correctos y est\u00e9n actualizados.<\/p>\n<\/div>\n<\/div>\n<\/div>\n<\/div>\n<div class=\"col-md-12 panel-box\"> <a class=\"panel-title pad-title\"> <span class=\"ph-cell\"><\/span> <\/a><\/p>\n<div class=\"panel-collapse\">\n<div class=\"panel-body\">\n<h4 class=\"panel-title body-title\"><span class=\"ph-cell toggle-txt\">C\u00f3mo puedo asegurar mi cuenta de Arbismart? <\/span><\/h4>\n<div class=\"panel-content\">\n<p>Para garantizar la seguridad de su cuenta ArbiSmart, elija una contrase\u00f1a segura, que sea una combinaci\u00f3n de caracteres con letras y n\u00fameros.<\/p>\n<p>ArbiSmart tambi\u00e9n le permite beneficiarse de la autenticaci\u00f3n de dos factores a trav\u00e9s de correo electr\u00f3nico y tel\u00e9fono o por correo electr\u00f3nico y un generador de c\u00f3digo de una sola vez.<\/p>\n<\/div>\n<\/div>\n<\/div>\n<\/div>\n<div class=\"col-md-12 panel-box\"> <a class=\"panel-title pad-title\"> <span class=\"ph-cell\"><\/span> <\/a><\/p>\n<div class=\"panel-collapse\">\n<div class=\"panel-body\">\n<h4 class=\"panel-title body-title\"><span class=\"ph-cell toggle-txt\">ArbiSmart est\u00e1 regulado?<\/span><\/h4>\n<div class=\"panel-content\">\n<p>ArbiSmart est\u00e1 totalmente autorizado y regulado por la Unidad de Inteligencia Financiera (\u00abFIU\u00bb) en Estonia y est\u00e1 autorizado a proporcionar servicios de intercambio de una moneda virtual por una moneda fiduciaria (n\u00famero de licencia: FVR000773), as\u00ed como un servicio de cartera de moneda virtual (n\u00famero de licencia: FRK000674)<\/p>\n<\/div>\n<\/div>\n<\/div>\n<\/div>\n<div class=\"col-md-12 panel-box\"> <a class=\"panel-title pad-title\"> <span class=\"ph-cell\"><\/span> <\/a><\/p>\n<div class=\"panel-collapse\">\n<div class=\"panel-body\">\n<h4 class=\"panel-title body-title\"><span class=\"ph-cell toggle-txt\">Cu\u00e1nto tiempo llevar\u00e1 el proceso de verificaci\u00f3n? <\/span><\/h4>\n<div class=\"panel-content\">\n<p>El proceso de verificaci\u00f3n se implement\u00f3 para proteger la integridad de su cuenta, asegurar sus fondos y como protecci\u00f3n contra el fraude. Una vez que haya completado y enviado correctamente su documentaci\u00f3n, el proceso tardar\u00e1 hasta tres d\u00edas h\u00e1biles.<\/p>\n<p>Tenga en cuenta que, para clientes VIP y para sumas de inversi\u00f3n particularmente grandes, ArbiSmart tiene un proceso acelerado que proporciona verificaci\u00f3n en el momento.<\/p>\n<\/div>\n<\/div>\n<\/div>\n<\/div>\n<div class=\"col-md-12 panel-box\"> <a class=\"panel-title pad-title\"> <span class=\"ph-cell\"><\/span> <\/a><\/p>\n<div class=\"panel-collapse\">\n<div class=\"panel-body\">\n<h4 class=\"panel-title body-title\"><span class=\"ph-cell toggle-txt\">Qu\u00e9 m\u00e9todos de dep\u00f3sito permite ArbiSmart? <\/span><\/h4>\n<div class=\"panel-content\">\n<p>ArbiSmart ofrece tres opciones de dep\u00f3sito:<\/p>\n<ol>\n<li>Criptomonedas, como Bitcoin, Ethereum, Ripple, Litecoin, etc.<\/li>\n<li>Tarjetas de cr\u00e9dito como Mastercard y Visa<\/li>\n<li>Transferencia bancaria<\/li>\n<\/ol>\n<\/div>\n<\/div>\n<\/div>\n<\/div>\n<div class=\"col-md-12 panel-box\"> <a class=\"panel-title pad-title\"> <span class=\"ph-cell\"><\/span> <\/a><\/p>\n<div class=\"panel-collapse\">\n<div class=\"panel-body\">\n<h4 class=\"panel-title body-title\"><span class=\"ph-cell toggle-txt\">El precio del token de RBIS se ver\u00e1 afectado por el precio del Bitcoin? <\/span><\/h4>\n<div class=\"panel-content\">\n<p>No, el precio del token solo se ve afectado por la oferta y la demanda.<\/p>\n<p>Tenga en cuenta que con cada hito en la adquisici\u00f3n de clientes que alcancemos, aumentaremos el precio del token. Esto significa que los primeros inversores obtendr\u00e1n un retorno sustancial de su inversi\u00f3n.<\/p>\n<\/div>\n<\/div>\n<\/div>\n<\/div>\n<div class=\"col-md-12 panel-box\"> <a class=\"panel-title pad-title\"> <span class=\"ph-cell\"><\/span> <\/a><\/p>\n<div class=\"panel-collapse\">\n<div class=\"panel-body\">\n<h4 class=\"panel-title body-title\"><span class=\"ph-cell toggle-txt\">Puedo acceder a mi cuenta a trav\u00e9s de mi tel\u00e9fono m\u00f3vil? <\/span><\/h4>\n<div class=\"panel-content\">\n<p>S\u00ed, el sitio y el panel de control son totalmente compatibles con dispositivos m\u00f3viles a trav\u00e9s de cualquier dispositivo Android o iOS.<\/p>\n<p>Adem\u00e1s, actualmente estamos en el proceso de desarrollar la aplicaci\u00f3n m\u00f3vil ArbiSmart, que se lanzar\u00e1 pr\u00f3ximamente.<\/p>\n<\/div>\n<\/div>\n<\/div>\n<\/div>\n<div class=\"col-md-12 panel-box\"> <a class=\"panel-title pad-title\"> <span class=\"ph-cell\"><\/span> <\/a><\/p>\n<div class=\"panel-collapse\">\n<div class=\"panel-body\">\n<h4 class=\"panel-title body-title\"><span class=\"ph-cell toggle-txt\">C\u00f3mo puedo averiguar el valor de mis tokens RBIS en tiempo real? <\/span><\/h4>\n<div class=\"panel-content\">\n<p>Para ver el precio actual de RBIS, simplemente inicie sesi\u00f3n en el panel de control y ver\u00e1 en la pantalla principal.<\/p>\n<\/div>\n<\/div>\n<\/div>\n<\/div>\n<div class=\"col-md-12 panel-box\"> <a class=\"panel-title pad-title\"> <span class=\"ph-cell\"><\/span> <\/a><\/p>\n<div class=\"panel-collapse\">\n<div class=\"panel-body\">\n<h4 class=\"panel-title body-title\"><span class=\"ph-cell toggle-txt\">Existen t\u00e9rminos y condiciones que deba cumplir para retirar mis tokens? <\/span><\/h4>\n<div class=\"panel-content\">\n<p>S\u00ed. Para poder realizar un retiro, su cuenta debe estar verificada. Esto incluye proporcionar datos completos de la cuenta y completar el formulario de Conozca a su cliente (KYC). Estos pasos son necesarios para proteger la seguridad y privacidad de su cuenta y como protecci\u00f3n contra el fraude.<\/p>\n<p><b>Nota importante<\/b>: es posible que se apliquen T\u00e9rminos y condiciones adicionales seg\u00fan el nivel de su cuenta. Para obtener m\u00e1s detalles, p\u00f3ngase en contacto con su gestor de cuentas.<\/p>\n<\/div>\n<\/div>\n<\/div>\n<\/div>\n<div class=\"col-md-12 panel-box\"> <a class=\"panel-title pad-title\"> <span class=\"ph-cell\"><\/span> <\/a><\/p>\n<div class=\"panel-collapse\">\n<div class=\"panel-body\">\n<h4 class=\"panel-title body-title\"><span class=\"ph-cell toggle-txt\">Por qu\u00e9 no veo mi transacci\u00f3n en el blockchain una vez que he invertido u obtenido un beneficio? <\/span><\/h4>\n<div class=\"panel-content\">\n<p>Al igual que ocurre con todos los sitios de intercambios principales, todos los c\u00e1lculos son internos al sistema, por lo que su transacci\u00f3n solo aparecer\u00e1 una vez que retire sus tokens.<\/p>\n<\/div>\n<\/div>\n<\/div>\n<\/div>\n<div class=\"col-md-12 panel-box\"> <a class=\"panel-title pad-title\"> <span class=\"ph-cell\"><\/span> <\/a><\/p>\n<div class=\"panel-collapse\">\n<div class=\"panel-body\">\n<h4 class=\"panel-title body-title\"><span class=\"ph-cell toggle-txt\">C\u00f3mo puedo estar seguro de que los tokens que tengo est\u00e1n emitidos por ArbiSmart? <\/span><\/h4>\n<div class=\"panel-content\">\n<p>Para asegurarse de que sus tokens son aut\u00e9nticos, vaya a la blockchain de Ethereum y aseg\u00farese de que la direcci\u00f3n del contrato inteligente coincida exactamente con la siguiente direcci\u00f3n:<\/p>\n<p><b>0xf34B1Db61ACa1a371fE97BAd2606c9f534fb9D7D<\/b><\/p>\n<\/div>\n<\/div>\n<\/div>\n<\/div>\n<div class=\"col-md-12 panel-box\"> <a class=\"panel-title pad-title\"> <span class=\"ph-cell\"><\/span> <\/a><\/p>\n<div class=\"panel-collapse\">\n<div class=\"panel-body\">\n<h4 class=\"panel-title body-title\"><span class=\"ph-cell toggle-txt\">C\u00f3mo puedo estimar mis ganancias futuras? <\/span><\/h4>\n<div class=\"panel-content\">\n<p>Puede calcular sus ganancias futuras utilizando la Calculadora inteligente de inversiones avanzada y rica en funciones de ArbiSmarts, a la que se puede acceder a trav\u00e9s de la p\u00e1gina de inicio del sitio web o del panel de control. Para estimar cu\u00e1nto ganar\u00e1, simplemente introduzca la suma que invirti\u00f3 y un intervalo de tiempo.<\/p>\n<p>Para conseguir m\u00e1s detalles, visite nuestra <a href=\"\/calculator\/\">Calculadora de inversiones inteligente<\/a>.<\/p>\n<\/div>\n<\/div>\n<\/div>\n<\/div>\n<div class=\"col-md-12 panel-box\"> <a class=\"panel-title pad-title\"> <span class=\"ph-cell\"><\/span> <\/a><\/p>\n<div class=\"panel-collapse\">\n<div class=\"panel-body\">\n<h4 class=\"panel-title body-title\"><span class=\"ph-cell toggle-txt\">Cu\u00e1ntos tokens est\u00e1n a la venta? <\/span><\/h4>\n<div class=\"panel-content\">\n<p>En total, hay 450 000 000 tokens a la venta, cada uno de los cuales cuesta 1 EUR. Con cada hito que alcancemos en t\u00e9rminos de adquisici\u00f3n de clientes, desarrollo y n\u00famero de tokens vendidos, el precio aumentar\u00e1 y los primeros inversores obtendr\u00e1n una rentabilidad sustancialmente mayor por sus tokens.<\/p>\n<\/div>\n<\/div>\n<\/div>\n<\/div>\n<div class=\"col-md-12 panel-box\"> <a class=\"panel-title pad-title\"> <span class=\"ph-cell\"><\/span> <\/a><\/p>\n<div class=\"panel-collapse\">\n<div class=\"panel-body\">\n<h4 class=\"panel-title body-title\"><span class=\"ph-cell toggle-txt\">Qu\u00e9 garant\u00eda ofrece Arbismart de que no emitir\u00e1 m\u00e1s RBIS una vez que la empresa venda 450 000 000 tokens? <\/span><\/h4>\n<div class=\"panel-content\">\n<p>ArbiSmart ha deshabilitado la posibilidad de emitir m\u00e1s tokens dentro del contrato inteligente. No se pueden emitir tokens adicionales nunca.<\/p>\n<\/div>\n<\/div>\n<\/div>\n<\/div>\n<div class=\"col-md-12 panel-box\"> <a class=\"panel-title pad-title\"> <span class=\"ph-cell\"><\/span> <\/a><\/p>\n<div class=\"panel-collapse\">\n<div class=\"panel-body\">\n<h4 class=\"panel-title body-title\"><span class=\"ph-cell toggle-txt\">ArbiSmart tiene pensado lanzar su propia blockchain? <\/span><\/h4>\n<div class=\"panel-content\">\n<p>Actualmente estamos trabajando en una variedad de optimizaciones de ingresos de arbitraje y estamos creando canales de arbitraje adicionales, como bienes ra\u00edces y ventas minoristas. El desarrollo de nuestra propio blockchain est\u00e1 en tr\u00e1mite, como uno de nuestros hitos futuros. Consulte nuestra hoja de ruta para obtener m\u00e1s informaci\u00f3n.<\/p>\n<\/div>\n<\/div>\n<\/div>\n<\/div>\n<div class=\"col-md-12 panel-box\"> <a class=\"panel-title pad-title\"> <span class=\"ph-cell\"><\/span> <\/a><\/p>\n<div class=\"panel-collapse\">\n<div class=\"panel-body\">\n<h4 class=\"panel-title body-title\"><span class=\"ph-cell toggle-txt\">Por qu\u00e9 los porcentajes de ganancias de arbitraje difieren entre los niveles de cuenta? <\/span><\/h4>\n<div class=\"panel-content\">\n<p>El motivo por el que los porcentajes de ganancia son mayores para aquellos con niveles de cuenta m\u00e1s altos es que contribuyen m\u00e1s a la rentabilidad del sistema. Cuanto mayor sea la suma de la inversi\u00f3n, mayor ser\u00e1 la contribuci\u00f3n al fondo de liquidez y una elevada liquidez es fundamental para que el arbitraje sea rentable. Por lo tanto, aquellos que hayan invertido m\u00e1s y hayan alcanzado un nivel de cuenta m\u00e1s alto, podr\u00e1n beneficiarse de mayores porcentajes de ganancias, mejores promociones y mayores oportunidades de ingresos.<\/p>\n<\/div>\n<\/div>\n<\/div>\n<\/div>\n<\/div>\n","protected":false},"excerpt":{"rendered":"Qu\u00e9 es el arbitraje? El arbitraje consiste b\u00e1sicamente en comprar un valor, una divisa, una materia prima o una criptomoneda en un mercado y venderlo en otro mercado a un precio m\u00e1s alto, aprovechando la diferencia temporal en los precios. El arbitraje se considera una ganancia de bajo riesgo para el inversionista. ArbiSmart est\u00e1 utilizando&#8230;","protected":false},"author":1,"featured_media":0,"parent":0,"menu_order":0,"comment_status":"closed","ping_status":"closed","template":"","meta":[],"yoast_head":"<!-- This site is optimized with the Yoast SEO plugin v18.4.1 - https:\/\/yoast.com\/wordpress\/plugins\/seo\/ -->\n<title>FAQ | ArbiSmart<\/title>\n<meta name=\"description\" content=\"Arbitrage is basically buying a security, currency, commodity or a cryptocurrency in one market and selling it in another market at a higher price, profiting from the temporary difference in prices.\" \/>\n<meta name=\"robots\" content=\"index, follow, max-snippet:-1, max-image-preview:large, max-video-preview:-1\" \/>\n<link rel=\"canonical\" href=\"https:\/\/wallet.egodev1.info\/faq\/\" \/>\n<meta property=\"og:locale\" content=\"es_ES\" \/>\n<meta property=\"og:type\" content=\"article\" \/>\n<meta property=\"og:title\" content=\"FAQ | ArbiSmart\" \/>\n<meta property=\"og:description\" content=\"Arbitrage is basically buying a security, currency, commodity or a cryptocurrency in one market and selling it in another market at a higher price, profiting from the temporary difference in prices.\" \/>\n<meta property=\"og:url\" content=\"https:\/\/wallet.egodev1.info\/faq\/\" \/>\n<meta property=\"og:site_name\" content=\"Arbismart - Trusted Transparent Arbitrage Trading - EU Regulated.\" \/>\n<meta property=\"article:modified_time\" content=\"2021-12-28T07:44:26+00:00\" \/>\n<meta name=\"twitter:card\" content=\"summary_large_image\" \/>\n<meta name=\"twitter:label1\" content=\"Tiempo de lectura\" \/>\n\t<meta name=\"twitter:data1\" content=\"28 minutos\" \/>\n<script type=\"application\/ld+json\" class=\"yoast-schema-graph\">{\"@context\":\"https:\/\/schema.org\",\"@graph\":[{\"@type\":\"WebSite\",\"@id\":\"https:\/\/wallet.egodev1.info\/#website\",\"url\":\"https:\/\/wallet.egodev1.info\/\",\"name\":\"Arbismart - Trusted Transparent Arbitrage Trading - EU Regulated.\",\"description\":\"Smart Arbitrage Systems\",\"potentialAction\":[{\"@type\":\"SearchAction\",\"target\":{\"@type\":\"EntryPoint\",\"urlTemplate\":\"https:\/\/wallet.egodev1.info\/?s={search_term_string}\"},\"query-input\":\"required name=search_term_string\"}],\"inLanguage\":\"es-ES\"},{\"@type\":\"WebPage\",\"@id\":\"https:\/\/wallet.egodev1.info\/faq\/#webpage\",\"url\":\"https:\/\/wallet.egodev1.info\/faq\/\",\"name\":\"FAQ | ArbiSmart\",\"isPartOf\":{\"@id\":\"https:\/\/wallet.egodev1.info\/#website\"},\"datePublished\":\"2019-04-12T09:10:52+00:00\",\"dateModified\":\"2021-12-28T07:44:26+00:00\",\"description\":\"Arbitrage is basically buying a security, currency, commodity or a cryptocurrency in one market and selling it in another market at a higher price, profiting from the temporary difference in prices.\",\"breadcrumb\":{\"@id\":\"https:\/\/wallet.egodev1.info\/faq\/#breadcrumb\"},\"inLanguage\":\"es-ES\",\"potentialAction\":[{\"@type\":\"ReadAction\",\"target\":[\"https:\/\/wallet.egodev1.info\/faq\/\"]}]},{\"@type\":\"BreadcrumbList\",\"@id\":\"https:\/\/wallet.egodev1.info\/faq\/#breadcrumb\",\"itemListElement\":[{\"@type\":\"ListItem\",\"position\":1,\"name\":\"Home\",\"item\":\"https:\/\/wallet.egodev1.info\/\"},{\"@type\":\"ListItem\",\"position\":2,\"name\":\"FAQs\"}]}]}<\/script>\n<!-- \/ Yoast SEO plugin. -->","yoast_head_json":{"title":"FAQ | ArbiSmart","description":"Arbitrage is basically buying a security, currency, commodity or a cryptocurrency in one market and selling it in another market at a higher price, profiting from the temporary difference in prices.","robots":{"index":"index","follow":"follow","max-snippet":"max-snippet:-1","max-image-preview":"max-image-preview:large","max-video-preview":"max-video-preview:-1"},"canonical":"https:\/\/wallet.egodev1.info\/faq\/","og_locale":"es_ES","og_type":"article","og_title":"FAQ | ArbiSmart","og_description":"Arbitrage is basically buying a security, currency, commodity or a cryptocurrency in one market and selling it in another market at a higher price, profiting from the temporary difference in prices.","og_url":"https:\/\/wallet.egodev1.info\/faq\/","og_site_name":"Arbismart - Trusted Transparent Arbitrage Trading - EU Regulated.","article_modified_time":"2021-12-28T07:44:26+00:00","twitter_card":"summary_large_image","twitter_misc":{"Tiempo de lectura":"28 minutos"},"schema":{"@context":"https:\/\/schema.org","@graph":[{"@type":"WebSite","@id":"https:\/\/wallet.egodev1.info\/#website","url":"https:\/\/wallet.egodev1.info\/","name":"Arbismart - Trusted Transparent Arbitrage Trading - EU Regulated.","description":"Smart Arbitrage Systems","potentialAction":[{"@type":"SearchAction","target":{"@type":"EntryPoint","urlTemplate":"https:\/\/wallet.egodev1.info\/?s={search_term_string}"},"query-input":"required name=search_term_string"}],"inLanguage":"es-ES"},{"@type":"WebPage","@id":"https:\/\/wallet.egodev1.info\/faq\/#webpage","url":"https:\/\/wallet.egodev1.info\/faq\/","name":"FAQ | ArbiSmart","isPartOf":{"@id":"https:\/\/wallet.egodev1.info\/#website"},"datePublished":"2019-04-12T09:10:52+00:00","dateModified":"2021-12-28T07:44:26+00:00","description":"Arbitrage is basically buying a security, currency, commodity or a cryptocurrency in one market and selling it in another market at a higher price, profiting from the temporary difference in prices.","breadcrumb":{"@id":"https:\/\/wallet.egodev1.info\/faq\/#breadcrumb"},"inLanguage":"es-ES","potentialAction":[{"@type":"ReadAction","target":["https:\/\/wallet.egodev1.info\/faq\/"]}]},{"@type":"BreadcrumbList","@id":"https:\/\/wallet.egodev1.info\/faq\/#breadcrumb","itemListElement":[{"@type":"ListItem","position":1,"name":"Home","item":"https:\/\/wallet.egodev1.info\/"},{"@type":"ListItem","position":2,"name":"FAQs"}]}]}},"_links":{"self":[{"href":"https:\/\/wallet.egodev1.info\/es\/wp-json\/wp\/v2\/pages\/22"}],"collection":[{"href":"https:\/\/wallet.egodev1.info\/es\/wp-json\/wp\/v2\/pages"}],"about":[{"href":"https:\/\/wallet.egodev1.info\/es\/wp-json\/wp\/v2\/types\/page"}],"author":[{"embeddable":true,"href":"https:\/\/wallet.egodev1.info\/es\/wp-json\/wp\/v2\/users\/1"}],"replies":[{"embeddable":true,"href":"https:\/\/wallet.egodev1.info\/es\/wp-json\/wp\/v2\/comments?post=22"}],"version-history":[{"count":71,"href":"https:\/\/wallet.egodev1.info\/es\/wp-json\/wp\/v2\/pages\/22\/revisions"}],"predecessor-version":[{"id":2011,"href":"https:\/\/wallet.egodev1.info\/es\/wp-json\/wp\/v2\/pages\/22\/revisions\/2011"}],"wp:attachment":[{"href":"https:\/\/wallet.egodev1.info\/es\/wp-json\/wp\/v2\/media?parent=22"}],"curies":[{"name":"wp","href":"https:\/\/api.w.org\/{rel}","templated":true}]}}