{"id":20,"date":"2019-04-12T09:10:38","date_gmt":"2019-04-12T09:10:38","guid":{"rendered":"http:\/\/tuta.work\/?page_id=20"},"modified":"2020-09-23T08:18:22","modified_gmt":"2020-09-23T08:18:22","slug":"contact","status":"publish","type":"page","link":"https:\/\/wallet.egodev1.info\/es\/contact\/","title":{"rendered":"CONT\u00c1CTENOS"},"content":{"rendered":"<section id=\"contacts\">\n<div class=\"container\">\n<div class=\"row\">\n<div class=\"col-xl-6\">\n<div class=\"image\">\n                    <img src=\"\/wp-content\/themes\/arbismart_2.0\/images\/contacts.png\" class=\"img-fluid\">\n                <\/div>\n<\/p><\/div>\n<div class=\"col-xl-6 d-flex\">\n<div class=\"content align-self-center\">\n<p>Tiene alguna pregunta? Contacte con nuestro equipo de expertos en la industria y reciba<br \/>\norientaci\u00f3n personal y profesional las veinticuatro horas del d\u00eda, siete d\u00edas a la semana.<br \/>\nNuestro personal de apoyo global est\u00e1 disponible a trav\u00e9s de varios canales, incluyendo<br \/>\ncorreo electr\u00f3nico, tel\u00e9fono, Whatsapp, Telegram, Viber y Messenger.<\/p>\n<\/p><\/div>\n<\/p><\/div>\n<\/p><\/div>\n<\/p><\/div>\n<\/section>\n<section id=\"Advantage\">\n<div class=\"container\">\n<div class=\"row\">\n<div class=\"col-xl-6 offset-xl-6 mb-5\">\n<div class=\"item\">\n<h2>LA VENTAJA DE ARBISMART<\/h2>\n<p>La innovadora tecnolog\u00eda pendiente de patente de Smart Arbitrage Systems refuerza su cartera al hacer el movimiento correcto en el momento adecuado. Nuestra plataforma de \u00faltima generaci\u00f3n se beneficia de la transparencia y seguridad innatas de la blockchain, al tiempo que ofrece niveles de velocidad y fiabilidad sin precedentes. Alojado en un centro de datos de alta velocidad, nuestro sistema eval\u00faa autom\u00e1ticamente los m\u00e1rgenes y completa las transacciones generadoras de ingresos en tiempo real para que usted pueda beneficiarse del desarrollo de oportunidades del criptomercado a medida que vayan surgiendo. <\/p>\n<\/p><\/div>\n<\/p><\/div>\n<div class=\"col-xl-6\">\n<div class=\"item email\">\n<div class=\"title\">\n                        CORREO ELECTR\u00d3NICO\n                    <\/div>\n<p><a href=\"mailto:support@arbismart.com\">support@arbismart.com<\/a><\/p>\n<\/p><\/div>\n<\/p><\/div>\n<div class=\"col-xl-6\">\n<div class=\"item time\">\n<div class=\"title\">\n                        24\/7\n                    <\/div>\n<p>El equipo global de Smart Arbitrage Systems est\u00e1 disponible 24 horas al d\u00eda, 7 d\u00edas a la semana, para proporcionar apoyo experto y profesional.<\/p>\n<\/p><\/div>\n<\/p><\/div>\n<div class=\"col-xl-6 d-none\">\n<div class=\"item phone\">\n<div class=\"title\">\n                        Tel\u00e9fono\n                    <\/div>\n<p><a href=\"tel:+3726991571\">+3726991571<\/a><\/p>\n<\/p><\/div>\n<\/p><\/div>\n<\/p><\/div>\n<\/p><\/div>\n<\/section>\n<section id=\"social_media\">\n<div class=\"container\">\n<div class=\"row\">\n<div class=\"col-xl-6 offset-xl-6\">\n<h2 class=\"mb-5 pb-4\">MEDIOS SOCIALES<\/h2>\n<\/p><\/div>\n<div class=\"col-xl-6 Telegram\">\n<div class=\"phone\"><a target=\"_blank\" href=\"https:\/\/t.me\/ArbiSmart_Support\" rel=\"noopener noreferrer\"><small>@ArbiSmart_Support \/ @arbismart<\/small><\/a><\/div>\n<div class=\"title\"><a target=\"_blank\" href=\"https:\/\/t.me\/ArbiSmart_Support\" rel=\"noopener noreferrer\">Telegram<\/a><\/div>\n<\/p><\/div>\n<div class=\"col-xl-6 Whatsapp d-none\">\n<div class=\"phone\"><a target=\"_blank\" href=\"tel:+37281933266\" rel=\"noopener noreferrer\">+37281933266<\/a><\/div>\n<div class=\"title\"><a target=\"_blank\" href=\"tel:+37281933266\" rel=\"noopener noreferrer\">Whatsapp<\/a><\/div>\n<\/p><\/div>\n<div class=\"col-xl-6 Facebook\">\n<div class=\"phone\"><a target=\"_blank\" href=\"https:\/\/www.facebook.com\/arbismartplatform\/\" rel=\"noopener noreferrer\">\/arbismartplatform<\/a><\/div>\n<div class=\"title\"><a target=\"_blank\" href=\"https:\/\/www.facebook.com\/arbismartplatform\/\" rel=\"noopener noreferrer\">Facebook<\/a><\/div>\n<\/p><\/div>\n<div class=\"col-xl-6 Viber d-none\">\n<div class=\"phone\"><a target=\"_blank\" href=\"tel:+37281933266\" rel=\"noopener noreferrer\">+37281933266<\/a><\/div>\n<div class=\"title\"><a target=\"_blank\" href=\"tel:+37281933266\" rel=\"noopener noreferrer\">Viber<\/a><\/div>\n<\/p><\/div>\n<div class=\"col-xl-6 Twitter\">\n<div class=\"phone\"><a target=\"_blank\" href=\"https:\/\/twitter.com\/arbismart\" rel=\"noopener noreferrer\">\/arbismart<\/a><\/div>\n<div class=\"title\"><a target=\"_blank\" href=\"https:\/\/twitter.com\/arbismart\" rel=\"noopener noreferrer\">Twitter<\/a><\/div>\n<\/p><\/div>\n<div class=\"col-xl-6 Instagram\">\n<div class=\"phone\"><a target=\"_blank\" href=\"https:\/\/www.instagram.com\/arbismart\/\" rel=\"noopener noreferrer\">\/arbismart<\/a><\/div>\n<div class=\"title\"><a target=\"_blank\" href=\"https:\/\/www.instagram.com\/arbismart\/\" rel=\"noopener noreferrer\">Instagram<\/a><\/div>\n<\/p><\/div>\n<\/p><\/div>\n<\/p><\/div>\n<\/section>\n","protected":false},"excerpt":{"rendered":"Tiene alguna pregunta? Contacte con nuestro equipo de expertos en la industria y reciba orientaci\u00f3n personal y profesional las veinticuatro horas del d\u00eda, siete d\u00edas a la semana. Nuestro personal de apoyo global est\u00e1 disponible a trav\u00e9s de varios canales, incluyendo correo electr\u00f3nico, tel\u00e9fono, Whatsapp, Telegram, Viber y Messenger. LA VENTAJA DE ARBISMART La innovadora&#8230;","protected":false},"author":1,"featured_media":0,"parent":0,"menu_order":0,"comment_status":"closed","ping_status":"closed","template":"","meta":[],"yoast_head":"<!-- This site is optimized with the Yoast SEO plugin v18.4.1 - https:\/\/yoast.com\/wordpress\/plugins\/seo\/ -->\n<title>Contact us | ArbiSmart<\/title>\n<meta name=\"description\" content=\"Have a question? Get in touch with our expert team of industry specialists and receive personal, professional guidance twenty four hours a day, seven days a week. Our global support staff is available, via multiple channels, including email, phone, Whatsapp, Telegram, Viber, and Messenger.\" \/>\n<meta name=\"robots\" content=\"index, follow, max-snippet:-1, max-image-preview:large, max-video-preview:-1\" \/>\n<link rel=\"canonical\" href=\"https:\/\/wallet.egodev1.info\/contact\/\" \/>\n<meta property=\"og:locale\" content=\"es_ES\" \/>\n<meta property=\"og:type\" content=\"article\" \/>\n<meta property=\"og:title\" content=\"Contact us | ArbiSmart\" \/>\n<meta property=\"og:description\" content=\"Have a question? Get in touch with our expert team of industry specialists and receive personal, professional guidance twenty four hours a day, seven days a week. Our global support staff is available, via multiple channels, including email, phone, Whatsapp, Telegram, Viber, and Messenger.\" \/>\n<meta property=\"og:url\" content=\"https:\/\/wallet.egodev1.info\/contact\/\" \/>\n<meta property=\"og:site_name\" content=\"Arbismart - Trusted Transparent Arbitrage Trading - EU Regulated.\" \/>\n<meta property=\"article:modified_time\" content=\"2020-09-23T08:18:22+00:00\" \/>\n<meta property=\"og:image\" content=\"https:\/\/wallet.egodev1.info\/wp-content\/themes\/arbismart_2.0\/images\/contacts.png\" \/>\n<meta name=\"twitter:card\" content=\"summary_large_image\" \/>\n<meta name=\"twitter:label1\" content=\"Tiempo de lectura\" \/>\n\t<meta name=\"twitter:data1\" content=\"6 minutos\" \/>\n<script type=\"application\/ld+json\" class=\"yoast-schema-graph\">{\"@context\":\"https:\/\/schema.org\",\"@graph\":[{\"@type\":\"WebSite\",\"@id\":\"https:\/\/wallet.egodev1.info\/#website\",\"url\":\"https:\/\/wallet.egodev1.info\/\",\"name\":\"Arbismart - Trusted Transparent Arbitrage Trading - EU Regulated.\",\"description\":\"Smart Arbitrage Systems\",\"potentialAction\":[{\"@type\":\"SearchAction\",\"target\":{\"@type\":\"EntryPoint\",\"urlTemplate\":\"https:\/\/wallet.egodev1.info\/?s={search_term_string}\"},\"query-input\":\"required name=search_term_string\"}],\"inLanguage\":\"es-ES\"},{\"@type\":\"ImageObject\",\"@id\":\"https:\/\/wallet.egodev1.info\/contact\/#primaryimage\",\"inLanguage\":\"es-ES\",\"url\":\"\/wp-content\/themes\/arbismart_2.0\/images\/contacts.png\",\"contentUrl\":\"\/wp-content\/themes\/arbismart_2.0\/images\/contacts.png\"},{\"@type\":\"WebPage\",\"@id\":\"https:\/\/wallet.egodev1.info\/contact\/#webpage\",\"url\":\"https:\/\/wallet.egodev1.info\/contact\/\",\"name\":\"Contact us | ArbiSmart\",\"isPartOf\":{\"@id\":\"https:\/\/wallet.egodev1.info\/#website\"},\"primaryImageOfPage\":{\"@id\":\"https:\/\/wallet.egodev1.info\/contact\/#primaryimage\"},\"datePublished\":\"2019-04-12T09:10:38+00:00\",\"dateModified\":\"2020-09-23T08:18:22+00:00\",\"description\":\"Have a question? Get in touch with our expert team of industry specialists and receive personal, professional guidance twenty four hours a day, seven days a week. Our global support staff is available, via multiple channels, including email, phone, Whatsapp, Telegram, Viber, and Messenger.\",\"breadcrumb\":{\"@id\":\"https:\/\/wallet.egodev1.info\/contact\/#breadcrumb\"},\"inLanguage\":\"es-ES\",\"potentialAction\":[{\"@type\":\"ReadAction\",\"target\":[\"https:\/\/wallet.egodev1.info\/contact\/\"]}]},{\"@type\":\"BreadcrumbList\",\"@id\":\"https:\/\/wallet.egodev1.info\/contact\/#breadcrumb\",\"itemListElement\":[{\"@type\":\"ListItem\",\"position\":1,\"name\":\"Home\",\"item\":\"https:\/\/wallet.egodev1.info\/\"},{\"@type\":\"ListItem\",\"position\":2,\"name\":\"Contact us\"}]}]}<\/script>\n<!-- \/ Yoast SEO plugin. -->","yoast_head_json":{"title":"Contact us | ArbiSmart","description":"Have a question? Get in touch with our expert team of industry specialists and receive personal, professional guidance twenty four hours a day, seven days a week. Our global support staff is available, via multiple channels, including email, phone, Whatsapp, Telegram, Viber, and Messenger.","robots":{"index":"index","follow":"follow","max-snippet":"max-snippet:-1","max-image-preview":"max-image-preview:large","max-video-preview":"max-video-preview:-1"},"canonical":"https:\/\/wallet.egodev1.info\/contact\/","og_locale":"es_ES","og_type":"article","og_title":"Contact us | ArbiSmart","og_description":"Have a question? Get in touch with our expert team of industry specialists and receive personal, professional guidance twenty four hours a day, seven days a week. Our global support staff is available, via multiple channels, including email, phone, Whatsapp, Telegram, Viber, and Messenger.","og_url":"https:\/\/wallet.egodev1.info\/contact\/","og_site_name":"Arbismart - Trusted Transparent Arbitrage Trading - EU Regulated.","article_modified_time":"2020-09-23T08:18:22+00:00","og_image":[{"url":"https:\/\/wallet.egodev1.info\/wp-content\/themes\/arbismart_2.0\/images\/contacts.png"}],"twitter_card":"summary_large_image","twitter_misc":{"Tiempo de lectura":"6 minutos"},"schema":{"@context":"https:\/\/schema.org","@graph":[{"@type":"WebSite","@id":"https:\/\/wallet.egodev1.info\/#website","url":"https:\/\/wallet.egodev1.info\/","name":"Arbismart - Trusted Transparent Arbitrage Trading - EU Regulated.","description":"Smart Arbitrage Systems","potentialAction":[{"@type":"SearchAction","target":{"@type":"EntryPoint","urlTemplate":"https:\/\/wallet.egodev1.info\/?s={search_term_string}"},"query-input":"required name=search_term_string"}],"inLanguage":"es-ES"},{"@type":"ImageObject","@id":"https:\/\/wallet.egodev1.info\/contact\/#primaryimage","inLanguage":"es-ES","url":"\/wp-content\/themes\/arbismart_2.0\/images\/contacts.png","contentUrl":"\/wp-content\/themes\/arbismart_2.0\/images\/contacts.png"},{"@type":"WebPage","@id":"https:\/\/wallet.egodev1.info\/contact\/#webpage","url":"https:\/\/wallet.egodev1.info\/contact\/","name":"Contact us | ArbiSmart","isPartOf":{"@id":"https:\/\/wallet.egodev1.info\/#website"},"primaryImageOfPage":{"@id":"https:\/\/wallet.egodev1.info\/contact\/#primaryimage"},"datePublished":"2019-04-12T09:10:38+00:00","dateModified":"2020-09-23T08:18:22+00:00","description":"Have a question? Get in touch with our expert team of industry specialists and receive personal, professional guidance twenty four hours a day, seven days a week. Our global support staff is available, via multiple channels, including email, phone, Whatsapp, Telegram, Viber, and Messenger.","breadcrumb":{"@id":"https:\/\/wallet.egodev1.info\/contact\/#breadcrumb"},"inLanguage":"es-ES","potentialAction":[{"@type":"ReadAction","target":["https:\/\/wallet.egodev1.info\/contact\/"]}]},{"@type":"BreadcrumbList","@id":"https:\/\/wallet.egodev1.info\/contact\/#breadcrumb","itemListElement":[{"@type":"ListItem","position":1,"name":"Home","item":"https:\/\/wallet.egodev1.info\/"},{"@type":"ListItem","position":2,"name":"Contact us"}]}]}},"_links":{"self":[{"href":"https:\/\/wallet.egodev1.info\/es\/wp-json\/wp\/v2\/pages\/20"}],"collection":[{"href":"https:\/\/wallet.egodev1.info\/es\/wp-json\/wp\/v2\/pages"}],"about":[{"href":"https:\/\/wallet.egodev1.info\/es\/wp-json\/wp\/v2\/types\/page"}],"author":[{"embeddable":true,"href":"https:\/\/wallet.egodev1.info\/es\/wp-json\/wp\/v2\/users\/1"}],"replies":[{"embeddable":true,"href":"https:\/\/wallet.egodev1.info\/es\/wp-json\/wp\/v2\/comments?post=20"}],"version-history":[{"count":77,"href":"https:\/\/wallet.egodev1.info\/es\/wp-json\/wp\/v2\/pages\/20\/revisions"}],"predecessor-version":[{"id":1180,"href":"https:\/\/wallet.egodev1.info\/es\/wp-json\/wp\/v2\/pages\/20\/revisions\/1180"}],"wp:attachment":[{"href":"https:\/\/wallet.egodev1.info\/es\/wp-json\/wp\/v2\/media?parent=20"}],"curies":[{"name":"wp","href":"https:\/\/api.w.org\/{rel}","templated":true}]}}