{"id":2,"date":"2019-04-12T07:16:55","date_gmt":"2019-04-12T07:16:55","guid":{"rendered":"http:\/\/tuta.work\/?page_id=2"},"modified":"2021-07-13T14:15:28","modified_gmt":"2021-07-13T14:15:28","slug":"about","status":"publish","type":"page","link":"https:\/\/wallet.egodev1.info\/es\/about\/","title":{"rendered":"Sobre nosotras"},"content":{"rendered":"<p>Smart Arbitrage Systems ha desarrollado un algoritmo altamente sofisticado dise\u00f1ado para aumentar su rentabilidad. Robusto, fiable y seguro, el sistema elimina casi por completo el riesgo, comprando autom\u00e1ticamente a un precio bajo en un mercado de criptomonedas, para una venta instant\u00e1nea al precio m\u00e1s alto disponible en otro mercado.<\/p>\n<p>Nuestro potente sistema es capaz de gestionar un volumen incre\u00edblemente elevado de operaciones de forma simult\u00e1nea, r\u00e1pida y eficaz, explotando las diferencias de precios para obtener beneficios \u00f3ptimos.<\/p>\n<p>Adem\u00e1s, un equipo dedicado de profesionales del mercado de criptomonedas est\u00e1 disponible las 24 horas del d\u00eda para ofrecerle asistencia experta en su idioma, en el momento que lo necesite.<\/p>\n<p>&nbsp;<\/p>\n<h2 class=\"section-title2\">La ventaja de ArbiSmart:<\/h2>\n<p>&nbsp;<\/p>\n<div class=\"about_items\">\n<div class=\"info-item col-sm-4\">\n\t\t\t\t\t<img src=\"\/src\/images\/about\/1.png\"><br \/>\nEjecuci\u00f3n inmediata de operaciones<\/div>\n<div class=\"info-item col-sm-4\">\n\t\t\t\t\t<img src=\"\/src\/images\/about\/2.png\"><br \/>\nVarios sitios de intercambios de criptomonedas<\/div>\n<div class=\"info-item col-sm-4\">\n\t\t\t\t\t<img src=\"\/src\/images\/about\/3.png\"><br \/>\nUna amplia selecci\u00f3n de monedas digitales<\/div>\n<div class=\"info-item col-sm-4\">\n<img src=\"\/src\/images\/about\/4.png\"><br \/>\nUna interfaz de usuario sencilla<\/div>\n<div class=\"info-item col-sm-4\">\n<img src=\"\/src\/images\/about\/5.png\"><br \/>\nProtocolos de seguridad de grado bancario<\/div>\n<div class=\"info-item col-sm-4\">\n<img src=\"\/src\/images\/about\/6.png\"><br \/>\nServicio experto y asistencia 24\/7<\/div>\n<\/div>\n<div class=\"clear\"><\/div>\n<p>&nbsp;<\/p>\n<h2 class=\"section-title\">Nuestra visi\u00f3n<\/h2>\n<p class=\"font-normal\">Creemos en la democratizaci\u00f3n del espacio de arbitraje, desviando el poder de las principales instituciones financieras y devolvi\u00e9ndoselo a las personas comunes. Smart Arbitrage Systems se compromete con la creaci\u00f3n de un entorno en el que tanto las personas sin experiencia como las veteranas puedan ganar con las diferencias de precios del mercado. Nuestro objetivo es ayudar a los principiantes a obtener una parte de la acci\u00f3n, mediante la automatizaci\u00f3n y simplificaci\u00f3n de todo el proceso para que cualquiera pueda beneficiarse de las oportunidades del mercado, disfrutando de una exposici\u00f3n m\u00ednima y de unos m\u00e1ximos rendimientos.<\/p>\n<p>&nbsp;<\/p>\n<h2 class=\"section-title\">Experiencia inigualable<\/h2>\n<p class=\"font-normal\">El equipo de Smart Arbitrage Systems est\u00e1 formado por profesionales de I+D y especialistas en los mercados. Estamos dedicados a prestar una orientaci\u00f3n personal experta a nuestros clientes, sea cual sea su nivel de experiencia, para que puedan optimizar su potencial de ganancias, a la vez que impulsan una innovaci\u00f3n con tecnolog\u00eda de arbitraje vanguardista.<\/p>\n","protected":false},"excerpt":{"rendered":"Smart Arbitrage Systems ha desarrollado un algoritmo altamente sofisticado dise\u00f1ado para aumentar su rentabilidad. Robusto, fiable y seguro, el sistema elimina casi por completo el riesgo, comprando autom\u00e1ticamente a un precio bajo en un mercado de criptomonedas, para una venta instant\u00e1nea al precio m\u00e1s alto disponible en otro mercado. Nuestro potente sistema es capaz de&#8230;","protected":false},"author":1,"featured_media":0,"parent":0,"menu_order":0,"comment_status":"closed","ping_status":"closed","template":"","meta":[],"yoast_head":"<!-- This site is optimized with the Yoast SEO plugin v18.4.1 - https:\/\/yoast.com\/wordpress\/plugins\/seo\/ -->\n<title>About company | ArbiSmart<\/title>\n<meta name=\"description\" content=\"Smart Arbitrage Systems has developed a highly sophisticated algorithm designed to boost your bottom line. Robust, reliable and secure, the system almost completely eliminates risk, automatically buying low on one cryptocurrency market, for instant sale at the highest available price on another.\" \/>\n<meta name=\"robots\" content=\"index, follow, max-snippet:-1, max-image-preview:large, max-video-preview:-1\" \/>\n<link rel=\"canonical\" href=\"https:\/\/wallet.egodev1.info\/about\/\" \/>\n<meta property=\"og:locale\" content=\"es_ES\" \/>\n<meta property=\"og:type\" content=\"article\" \/>\n<meta property=\"og:title\" content=\"About company | ArbiSmart\" \/>\n<meta property=\"og:description\" content=\"Smart Arbitrage Systems has developed a highly sophisticated algorithm designed to boost your bottom line. Robust, reliable and secure, the system almost completely eliminates risk, automatically buying low on one cryptocurrency market, for instant sale at the highest available price on another.\" \/>\n<meta property=\"og:url\" content=\"https:\/\/wallet.egodev1.info\/about\/\" \/>\n<meta property=\"og:site_name\" content=\"Arbismart - Trusted Transparent Arbitrage Trading - EU Regulated.\" \/>\n<meta property=\"article:modified_time\" content=\"2021-07-13T14:15:28+00:00\" \/>\n<meta property=\"og:image\" content=\"https:\/\/wallet.egodev1.info\/src\/images\/about\/1.png\" \/>\n<meta name=\"twitter:card\" content=\"summary_large_image\" \/>\n<meta name=\"twitter:label1\" content=\"Tiempo de lectura\" \/>\n\t<meta name=\"twitter:data1\" content=\"6 minutos\" \/>\n<script type=\"application\/ld+json\" class=\"yoast-schema-graph\">{\"@context\":\"https:\/\/schema.org\",\"@graph\":[{\"@type\":\"WebSite\",\"@id\":\"https:\/\/wallet.egodev1.info\/#website\",\"url\":\"https:\/\/wallet.egodev1.info\/\",\"name\":\"Arbismart - Trusted Transparent Arbitrage Trading - EU Regulated.\",\"description\":\"Smart Arbitrage Systems\",\"potentialAction\":[{\"@type\":\"SearchAction\",\"target\":{\"@type\":\"EntryPoint\",\"urlTemplate\":\"https:\/\/wallet.egodev1.info\/?s={search_term_string}\"},\"query-input\":\"required name=search_term_string\"}],\"inLanguage\":\"es-ES\"},{\"@type\":\"ImageObject\",\"@id\":\"https:\/\/wallet.egodev1.info\/about\/#primaryimage\",\"inLanguage\":\"es-ES\",\"url\":\"\/src\/images\/about\/1.png\",\"contentUrl\":\"\/src\/images\/about\/1.png\"},{\"@type\":\"WebPage\",\"@id\":\"https:\/\/wallet.egodev1.info\/about\/#webpage\",\"url\":\"https:\/\/wallet.egodev1.info\/about\/\",\"name\":\"About company | ArbiSmart\",\"isPartOf\":{\"@id\":\"https:\/\/wallet.egodev1.info\/#website\"},\"primaryImageOfPage\":{\"@id\":\"https:\/\/wallet.egodev1.info\/about\/#primaryimage\"},\"datePublished\":\"2019-04-12T07:16:55+00:00\",\"dateModified\":\"2021-07-13T14:15:28+00:00\",\"description\":\"Smart Arbitrage Systems has developed a highly sophisticated algorithm designed to boost your bottom line. Robust, reliable and secure, the system almost completely eliminates risk, automatically buying low on one cryptocurrency market, for instant sale at the highest available price on another.\",\"breadcrumb\":{\"@id\":\"https:\/\/wallet.egodev1.info\/about\/#breadcrumb\"},\"inLanguage\":\"es-ES\",\"potentialAction\":[{\"@type\":\"ReadAction\",\"target\":[\"https:\/\/wallet.egodev1.info\/about\/\"]}]},{\"@type\":\"BreadcrumbList\",\"@id\":\"https:\/\/wallet.egodev1.info\/about\/#breadcrumb\",\"itemListElement\":[{\"@type\":\"ListItem\",\"position\":1,\"name\":\"Home\",\"item\":\"https:\/\/wallet.egodev1.info\/\"},{\"@type\":\"ListItem\",\"position\":2,\"name\":\"About us\"}]}]}<\/script>\n<!-- \/ Yoast SEO plugin. -->","yoast_head_json":{"title":"About company | ArbiSmart","description":"Smart Arbitrage Systems has developed a highly sophisticated algorithm designed to boost your bottom line. Robust, reliable and secure, the system almost completely eliminates risk, automatically buying low on one cryptocurrency market, for instant sale at the highest available price on another.","robots":{"index":"index","follow":"follow","max-snippet":"max-snippet:-1","max-image-preview":"max-image-preview:large","max-video-preview":"max-video-preview:-1"},"canonical":"https:\/\/wallet.egodev1.info\/about\/","og_locale":"es_ES","og_type":"article","og_title":"About company | ArbiSmart","og_description":"Smart Arbitrage Systems has developed a highly sophisticated algorithm designed to boost your bottom line. Robust, reliable and secure, the system almost completely eliminates risk, automatically buying low on one cryptocurrency market, for instant sale at the highest available price on another.","og_url":"https:\/\/wallet.egodev1.info\/about\/","og_site_name":"Arbismart - Trusted Transparent Arbitrage Trading - EU Regulated.","article_modified_time":"2021-07-13T14:15:28+00:00","og_image":[{"url":"https:\/\/wallet.egodev1.info\/src\/images\/about\/1.png"}],"twitter_card":"summary_large_image","twitter_misc":{"Tiempo de lectura":"6 minutos"},"schema":{"@context":"https:\/\/schema.org","@graph":[{"@type":"WebSite","@id":"https:\/\/wallet.egodev1.info\/#website","url":"https:\/\/wallet.egodev1.info\/","name":"Arbismart - Trusted Transparent Arbitrage Trading - EU Regulated.","description":"Smart Arbitrage Systems","potentialAction":[{"@type":"SearchAction","target":{"@type":"EntryPoint","urlTemplate":"https:\/\/wallet.egodev1.info\/?s={search_term_string}"},"query-input":"required name=search_term_string"}],"inLanguage":"es-ES"},{"@type":"ImageObject","@id":"https:\/\/wallet.egodev1.info\/about\/#primaryimage","inLanguage":"es-ES","url":"\/src\/images\/about\/1.png","contentUrl":"\/src\/images\/about\/1.png"},{"@type":"WebPage","@id":"https:\/\/wallet.egodev1.info\/about\/#webpage","url":"https:\/\/wallet.egodev1.info\/about\/","name":"About company | ArbiSmart","isPartOf":{"@id":"https:\/\/wallet.egodev1.info\/#website"},"primaryImageOfPage":{"@id":"https:\/\/wallet.egodev1.info\/about\/#primaryimage"},"datePublished":"2019-04-12T07:16:55+00:00","dateModified":"2021-07-13T14:15:28+00:00","description":"Smart Arbitrage Systems has developed a highly sophisticated algorithm designed to boost your bottom line. Robust, reliable and secure, the system almost completely eliminates risk, automatically buying low on one cryptocurrency market, for instant sale at the highest available price on another.","breadcrumb":{"@id":"https:\/\/wallet.egodev1.info\/about\/#breadcrumb"},"inLanguage":"es-ES","potentialAction":[{"@type":"ReadAction","target":["https:\/\/wallet.egodev1.info\/about\/"]}]},{"@type":"BreadcrumbList","@id":"https:\/\/wallet.egodev1.info\/about\/#breadcrumb","itemListElement":[{"@type":"ListItem","position":1,"name":"Home","item":"https:\/\/wallet.egodev1.info\/"},{"@type":"ListItem","position":2,"name":"About us"}]}]}},"_links":{"self":[{"href":"https:\/\/wallet.egodev1.info\/es\/wp-json\/wp\/v2\/pages\/2"}],"collection":[{"href":"https:\/\/wallet.egodev1.info\/es\/wp-json\/wp\/v2\/pages"}],"about":[{"href":"https:\/\/wallet.egodev1.info\/es\/wp-json\/wp\/v2\/types\/page"}],"author":[{"embeddable":true,"href":"https:\/\/wallet.egodev1.info\/es\/wp-json\/wp\/v2\/users\/1"}],"replies":[{"embeddable":true,"href":"https:\/\/wallet.egodev1.info\/es\/wp-json\/wp\/v2\/comments?post=2"}],"version-history":[{"count":18,"href":"https:\/\/wallet.egodev1.info\/es\/wp-json\/wp\/v2\/pages\/2\/revisions"}],"predecessor-version":[{"id":1803,"href":"https:\/\/wallet.egodev1.info\/es\/wp-json\/wp\/v2\/pages\/2\/revisions\/1803"}],"wp:attachment":[{"href":"https:\/\/wallet.egodev1.info\/es\/wp-json\/wp\/v2\/media?parent=2"}],"curies":[{"name":"wp","href":"https:\/\/api.w.org\/{rel}","templated":true}]}}