{"id":8,"date":"2019-04-12T09:09:09","date_gmt":"2019-04-12T09:09:09","guid":{"rendered":"http:\/\/tuta.work\/?page_id=8"},"modified":"2020-09-23T07:50:11","modified_gmt":"2020-09-23T07:50:11","slug":"partners","status":"publish","type":"page","link":"https:\/\/wallet.egodev1.info\/de\/partners\/","title":{"rendered":"Empfehlungsprogramm"},"content":{"rendered":"<p>Profitieren Sie von einem mehrstufigen Empfehlungsprogramm, das Ihnen mit zunehmenden Empfehlungen h\u00f6here Gewinne einbringt. Verdienen Sie lukrative Prozents\u00e4tze von den Betr\u00e4gen, die sowohl Ihre eigenen als auch die von diesen anschlie\u00dfend empfohlenen Kunden einzahlen. Auf diese Weise steigern sich Ihre Gewinne mit jedem Affiliate-Level, das Sie erreichen. Alle Ihre Gewinne werden umgehend direkt in Ihre Krypto-Wallet oder auf Ihr Bankkonto \u00fcberwiesen.<\/p>\n<table class=\"table\">\n<thead>\n<tr>\n<th>Level<\/th>\n<th>Kunden<\/th>\n<th>Gesamtanzahl der<br \/>\nauf diesem Level<\/th>\n<th>Empfohlenen<br \/>\nKunden<\/th>\n<th>Durchschnittliche Investition<\/p>\n<p>Gesamte<\/th>\n<th>Investition<\/th>\n<th>Ihr Umsatzanteil<\/p>\n<p>Gesamtbetrag<\/th>\n<\/tr>\n<\/thead>\n<tbody>\n<tr>\n<td>\n<div><span>1<\/span> level<\/div>\n<\/td>\n<td><b>Sie empfehlen 10 Kunden<\/b><\/td>\n<td><b>10 Kunden<\/b><\/td>\n<td><b>\u20ac10 000<\/b> pro Kunde<\/td>\n<td><b>\u20ac100 000<\/b><\/td>\n<td><b>3%<\/b><\/td>\n<td><b>\u20ac3 000<\/b><\/td>\n<\/tr>\n<tr>\n<td>\n<div><span>2<\/span> level<\/div>\n<\/td>\n<td><b>Sie empfehlen 10 Kunden<\/b><br \/>\nJeder empfiehlt 10 weitere Kunden<\/td>\n<td><b>100 Kunden<\/b><\/td>\n<td><b>\u20ac10 000<\/b> pro Kunde<\/td>\n<td><b>\u20ac1 000 000<\/b><\/td>\n<td><b>1%<\/b><\/td>\n<td><b>\u20ac10 000<\/b><\/td>\n<\/tr>\n<tr>\n<td>\n<div><span>3<\/span> level<\/div>\n<\/td>\n<td><b>Sie empfehlen 100 pro Kunde<\/b><br \/>\nJeder empfiehlt 10 weitere Kunden<\/td>\n<td><b>1000 Kunden<\/b><\/td>\n<td><b>\u20ac10 000<\/b> pro Kunde<\/td>\n<td><b>\u20ac10 000 000<\/b><\/td>\n<td><b>0,5%<\/b><\/td>\n<td><b>\u20ac50 000<\/b><\/td>\n<\/tr>\n<tr>\n<td>\n<div><span>4<\/span> level<\/div>\n<\/td>\n<td><b>Sie empfehlen 1,000 pro Kunde<\/b><br \/>\nJeder empfiehlt 10 weitere<br \/>\nKunden<\/td>\n<td><b>10 000 Kunden<\/b><\/td>\n<td><b>\u20ac10 000<\/b> pro Kunde<\/td>\n<td><b>\u20ac100 000 000<\/b><\/td>\n<td><b>0,25%<\/b><\/td>\n<td><b>\u20ac250 000<\/b><\/td>\n<\/tr>\n<tr>\n<td>\n<div><span>5<\/span> level<\/div>\n<\/td>\n<td><b>Sie empfehlen 10,000 pro Kunde<\/b><br \/>\nJeder empfiehlt 10 weitere<br \/>\nKunden<\/td>\n<td><b>100 000 Kunden<\/b><\/td>\n<td><b>\u20ac10 000<\/b> pro Kunde<\/td>\n<td><b>\u20ac1 000 000 000<\/b><\/td>\n<td><b>0,12%<\/b><\/td>\n<td><b>\u20ac1 200 000<\/b><\/td>\n<\/tr>\n<tr>\n<td colspan=\"7\">Total payout \u20ac1 513 000<\/td>\n<\/tr>\n<\/tbody>\n<\/table>\n<div class=\"container-fluid-off\" id=\"accordion\">\n<div>\n                    <button class=\"accordion\"><span>1<\/span> level<\/button><\/p>\n<div class=\"panel\">\n<table class=\"mobile\">\n<tbody>\n<tr>\n<td>Kunden<\/td>\n<td><b>Sie empfehlenreffer 10 Kunden<\/b><\/td>\n<\/tr>\n<tr>\n<td>Gesamtanzahl der auf diesem Level<\/td>\n<td><b>10 Kunden<\/b><\/td>\n<\/tr>\n<tr>\n<td>Empfohlenen Kunden<\/td>\n<td><b>\u20ac10 000<\/b> pro Kunde<\/td>\n<\/tr>\n<tr>\n<td>Total<br \/>\nInvestmen<\/td>\n<td><b>\u20ac100 000<\/b><\/td>\n<\/tr>\n<tr>\n<td>Investition<\/td>\n<td><b>3%<\/b><\/td>\n<\/tr>\n<tr>\n<td><b>Ihr Umsatzanteil<br \/>\nGesamtbetrag<\/b><\/td>\n<td><b style=\"color: #04a8f3;\">\u20ac3 000<\/b><\/td>\n<\/tr>\n<\/tbody>\n<\/table>\n<\/div>\n<\/div>\n<div>\n                    <button class=\"accordion\"><span>2<\/span> level<\/button><\/p>\n<div class=\"panel\">\n<table class=\"mobile\">\n<tbody>\n<tr>\n<td>Kunden<\/td>\n<td><b>Sie empfehlen10 Kunden<\/b><br \/>\nJeder empfiehlt 10 weitere<br \/>\nKunden<\/td>\n<\/tr>\n<tr>\n<td>Gesamtanzahl der auf diesem Level<\/td>\n<td><b>100 Kunden<\/b><\/td>\n<\/tr>\n<tr>\n<td>Empfohlenen Kunden<\/td>\n<td><b>\u20ac10 000<\/b> pro Kunde<\/td>\n<\/tr>\n<tr>\n<td>Durchschnittliche Investition<br \/>\nGesamte<\/td>\n<td><b>\u20ac1 000 000<\/b><\/td>\n<\/tr>\n<tr>\n<td>Investition<\/td>\n<td><b>1%<\/b><\/td>\n<\/tr>\n<tr>\n<td><b>Total<br \/>\nAmount<\/b><\/td>\n<td><b style=\"color: #009486;\">\u20ac10 000<\/b><\/td>\n<\/tr>\n<\/tbody>\n<\/table>\n<\/div>\n<\/div>\n<div>\n                    <button class=\"accordion\"><span>3<\/span> level<\/button><\/p>\n<div class=\"panel\">\n<table class=\"mobile\">\n<tbody>\n<tr>\n<td>Kunden<\/td>\n<td><b>Sie empfehlen100 Kunden<\/b><br \/>\nJeder empfiehlt 10 weitere<br \/>\nKunden<\/td>\n<\/tr>\n<tr>\n<td>Gesamtanzahl der auf diesem Level<\/td>\n<td><b>1000 Kunden<\/b><\/td>\n<\/tr>\n<tr>\n<td>Empfohlenen Kunden<\/td>\n<td><b>\u20ac10 000<\/b> pro Kunde<\/td>\n<\/tr>\n<tr>\n<td>Durchschnittliche Investition<br \/>\nGesamte<\/td>\n<td><b>\u20ac10 000 000<\/b><\/td>\n<\/tr>\n<tr>\n<td>Investition<\/td>\n<td><b>0.5%<\/b><\/td>\n<\/tr>\n<tr>\n<td><b>Ihr Umsatzanteil<br \/>\nGesamtbetrag<\/b><\/td>\n<td><b style=\"color: #73ad30;\">\u20ac50 000<\/b><\/td>\n<\/tr>\n<\/tbody>\n<\/table>\n<\/div>\n<\/div>\n<div>\n                    <button class=\"accordion\"><span>4<\/span> level<\/button><\/p>\n<div class=\"panel\">\n<table class=\"mobile\">\n<tbody>\n<tr>\n<td>Kunden<\/td>\n<td><b>Sie empfehlen1 000 Kunden<\/b><br \/>\nJeder empfiehlt 10 weitere<br \/>\nKunden<\/td>\n<\/tr>\n<tr>\n<td>Gesamtanzahl der auf diesem Level<\/td>\n<td><b>10 000 Kunden<\/b><\/td>\n<\/tr>\n<tr>\n<td>Empfohlenen Kunden<\/td>\n<td><b>\u20ac10 000<\/b> pro Kunde<\/td>\n<\/tr>\n<tr>\n<td>Durchschnittliche Investition<br \/>\nGesamte<\/td>\n<td><b>\u20ac100 000 000<\/b><\/td>\n<\/tr>\n<tr>\n<td>Investition<\/td>\n<td><b>0.25%<\/b><\/td>\n<\/tr>\n<tr>\n<td><b>Ihr Umsatzanteil<br \/>\nGesamtbetrag<\/b><\/td>\n<td><b style=\"color: #eca614;\">\u20ac250 000<\/b><\/td>\n<\/tr>\n<\/tbody>\n<\/table>\n<\/div>\n<\/div>\n<div>\n                    <button class=\"accordion\"><span>5<\/span> level<\/button><\/p>\n<div class=\"panel\">\n<table class=\"mobile\">\n<tbody>\n<tr>\n<td>Kunden<\/td>\n<td><b>10 000 Kunden<\/b><br \/>\nJeder empfiehlt 10 weitere<br \/>\nKunden<\/td>\n<\/tr>\n<tr>\n<td>Gesamtanzahl der auf diesem Level<\/td>\n<td><b>100 000 Kunden<\/b><\/td>\n<\/tr>\n<tr>\n<td>Empfohlenen Kunden<\/td>\n<td><b>\u20ac10 000<\/b> pro Kunde<\/td>\n<\/tr>\n<tr>\n<td>Durchschnittliche Investition<br \/>\nGesamte<\/td>\n<td><b>\u20ac1 000 000 000<\/b><\/td>\n<\/tr>\n<tr>\n<td>Investition<\/td>\n<td><b>0.12%<\/b><\/td>\n<\/tr>\n<tr>\n<td><b>Ihr Umsatzanteil<br \/>\nGesamtbetrag<\/b><\/td>\n<td><b style=\"color: #fb5622;\">\u20ac1 200 000<\/b><\/td>\n<\/tr>\n<\/tbody>\n<\/table>\n<\/div>\n<\/div>\n<div class=\"totalpay\">\n                    Gesamtauszahlung \u20ac1 513 000<\/div>\n<\/div>\n","protected":false},"excerpt":{"rendered":"Profitieren Sie von einem mehrstufigen Empfehlungsprogramm, das Ihnen mit zunehmenden Empfehlungen h\u00f6here Gewinne einbringt. Verdienen Sie lukrative Prozents\u00e4tze von den Betr\u00e4gen, die sowohl Ihre eigenen als auch die von diesen anschlie\u00dfend empfohlenen Kunden einzahlen. Auf diese Weise steigern sich Ihre Gewinne mit jedem Affiliate-Level, das Sie erreichen. Alle Ihre Gewinne werden umgehend direkt in Ihre&#8230;","protected":false},"author":1,"featured_media":0,"parent":0,"menu_order":0,"comment_status":"closed","ping_status":"closed","template":"","meta":[],"yoast_head":"<!-- This site is optimized with the Yoast SEO plugin v18.4.1 - https:\/\/yoast.com\/wordpress\/plugins\/seo\/ -->\n<title>Partnership | Arbismart<\/title>\n<meta name=\"description\" content=\"Benefit from a our generous referral program that offers greater profits, the more referrals you bring in. Earn generous commissions from the revenue brought by your own clients.\" \/>\n<meta name=\"robots\" content=\"index, follow, max-snippet:-1, max-image-preview:large, max-video-preview:-1\" \/>\n<link rel=\"canonical\" href=\"https:\/\/wallet.egodev1.info\/partners\/\" \/>\n<meta property=\"og:locale\" content=\"de_DE\" \/>\n<meta property=\"og:type\" content=\"article\" \/>\n<meta property=\"og:title\" content=\"Partnership | Arbismart\" \/>\n<meta property=\"og:description\" content=\"Benefit from a our generous referral program that offers greater profits, the more referrals you bring in. Earn generous commissions from the revenue brought by your own clients.\" \/>\n<meta property=\"og:url\" content=\"https:\/\/wallet.egodev1.info\/partners\/\" \/>\n<meta property=\"og:site_name\" content=\"Arbismart - Trusted Transparent Arbitrage Trading - EU Regulated.\" \/>\n<meta property=\"article:modified_time\" content=\"2020-09-23T07:50:11+00:00\" \/>\n<meta name=\"twitter:card\" content=\"summary_large_image\" \/>\n<meta name=\"twitter:label1\" content=\"Gesch\u00e4tzte Lesezeit\" \/>\n\t<meta name=\"twitter:data1\" content=\"3\u00a0Minuten\" \/>\n<script type=\"application\/ld+json\" class=\"yoast-schema-graph\">{\"@context\":\"https:\/\/schema.org\",\"@graph\":[{\"@type\":\"WebSite\",\"@id\":\"https:\/\/wallet.egodev1.info\/#website\",\"url\":\"https:\/\/wallet.egodev1.info\/\",\"name\":\"Arbismart - Trusted Transparent Arbitrage Trading - EU Regulated.\",\"description\":\"Smart Arbitrage Systems\",\"potentialAction\":[{\"@type\":\"SearchAction\",\"target\":{\"@type\":\"EntryPoint\",\"urlTemplate\":\"https:\/\/wallet.egodev1.info\/?s={search_term_string}\"},\"query-input\":\"required name=search_term_string\"}],\"inLanguage\":\"de-DE\"},{\"@type\":\"WebPage\",\"@id\":\"https:\/\/wallet.egodev1.info\/partners\/#webpage\",\"url\":\"https:\/\/wallet.egodev1.info\/partners\/\",\"name\":\"Partnership | Arbismart\",\"isPartOf\":{\"@id\":\"https:\/\/wallet.egodev1.info\/#website\"},\"datePublished\":\"2019-04-12T09:09:09+00:00\",\"dateModified\":\"2020-09-23T07:50:11+00:00\",\"description\":\"Benefit from a our generous referral program that offers greater profits, the more referrals you bring in. Earn generous commissions from the revenue brought by your own clients.\",\"breadcrumb\":{\"@id\":\"https:\/\/wallet.egodev1.info\/partners\/#breadcrumb\"},\"inLanguage\":\"de-DE\",\"potentialAction\":[{\"@type\":\"ReadAction\",\"target\":[\"https:\/\/wallet.egodev1.info\/partners\/\"]}]},{\"@type\":\"BreadcrumbList\",\"@id\":\"https:\/\/wallet.egodev1.info\/partners\/#breadcrumb\",\"itemListElement\":[{\"@type\":\"ListItem\",\"position\":1,\"name\":\"Home\",\"item\":\"https:\/\/wallet.egodev1.info\/\"},{\"@type\":\"ListItem\",\"position\":2,\"name\":\"Partnership\"}]}]}<\/script>\n<!-- \/ Yoast SEO plugin. -->","yoast_head_json":{"title":"Partnership | Arbismart","description":"Benefit from a our generous referral program that offers greater profits, the more referrals you bring in. Earn generous commissions from the revenue brought by your own clients.","robots":{"index":"index","follow":"follow","max-snippet":"max-snippet:-1","max-image-preview":"max-image-preview:large","max-video-preview":"max-video-preview:-1"},"canonical":"https:\/\/wallet.egodev1.info\/partners\/","og_locale":"de_DE","og_type":"article","og_title":"Partnership | Arbismart","og_description":"Benefit from a our generous referral program that offers greater profits, the more referrals you bring in. Earn generous commissions from the revenue brought by your own clients.","og_url":"https:\/\/wallet.egodev1.info\/partners\/","og_site_name":"Arbismart - Trusted Transparent Arbitrage Trading - EU Regulated.","article_modified_time":"2020-09-23T07:50:11+00:00","twitter_card":"summary_large_image","twitter_misc":{"Gesch\u00e4tzte Lesezeit":"3\u00a0Minuten"},"schema":{"@context":"https:\/\/schema.org","@graph":[{"@type":"WebSite","@id":"https:\/\/wallet.egodev1.info\/#website","url":"https:\/\/wallet.egodev1.info\/","name":"Arbismart - Trusted Transparent Arbitrage Trading - EU Regulated.","description":"Smart Arbitrage Systems","potentialAction":[{"@type":"SearchAction","target":{"@type":"EntryPoint","urlTemplate":"https:\/\/wallet.egodev1.info\/?s={search_term_string}"},"query-input":"required name=search_term_string"}],"inLanguage":"de-DE"},{"@type":"WebPage","@id":"https:\/\/wallet.egodev1.info\/partners\/#webpage","url":"https:\/\/wallet.egodev1.info\/partners\/","name":"Partnership | Arbismart","isPartOf":{"@id":"https:\/\/wallet.egodev1.info\/#website"},"datePublished":"2019-04-12T09:09:09+00:00","dateModified":"2020-09-23T07:50:11+00:00","description":"Benefit from a our generous referral program that offers greater profits, the more referrals you bring in. Earn generous commissions from the revenue brought by your own clients.","breadcrumb":{"@id":"https:\/\/wallet.egodev1.info\/partners\/#breadcrumb"},"inLanguage":"de-DE","potentialAction":[{"@type":"ReadAction","target":["https:\/\/wallet.egodev1.info\/partners\/"]}]},{"@type":"BreadcrumbList","@id":"https:\/\/wallet.egodev1.info\/partners\/#breadcrumb","itemListElement":[{"@type":"ListItem","position":1,"name":"Home","item":"https:\/\/wallet.egodev1.info\/"},{"@type":"ListItem","position":2,"name":"Partnership"}]}]}},"_links":{"self":[{"href":"https:\/\/wallet.egodev1.info\/de\/wp-json\/wp\/v2\/pages\/8"}],"collection":[{"href":"https:\/\/wallet.egodev1.info\/de\/wp-json\/wp\/v2\/pages"}],"about":[{"href":"https:\/\/wallet.egodev1.info\/de\/wp-json\/wp\/v2\/types\/page"}],"author":[{"embeddable":true,"href":"https:\/\/wallet.egodev1.info\/de\/wp-json\/wp\/v2\/users\/1"}],"replies":[{"embeddable":true,"href":"https:\/\/wallet.egodev1.info\/de\/wp-json\/wp\/v2\/comments?post=8"}],"version-history":[{"count":29,"href":"https:\/\/wallet.egodev1.info\/de\/wp-json\/wp\/v2\/pages\/8\/revisions"}],"predecessor-version":[{"id":1173,"href":"https:\/\/wallet.egodev1.info\/de\/wp-json\/wp\/v2\/pages\/8\/revisions\/1173"}],"wp:attachment":[{"href":"https:\/\/wallet.egodev1.info\/de\/wp-json\/wp\/v2\/media?parent=8"}],"curies":[{"name":"wp","href":"https:\/\/api.w.org\/{rel}","templated":true}]}}