{"id":22,"date":"2019-04-12T09:10:52","date_gmt":"2019-04-12T09:10:52","guid":{"rendered":"http:\/\/tuta.work\/?page_id=22"},"modified":"2021-12-28T07:44:26","modified_gmt":"2021-12-28T07:44:26","slug":"faq","status":"publish","type":"page","link":"https:\/\/wallet.egodev1.info\/de\/faq\/","title":{"rendered":"FAQs"},"content":{"rendered":"<div class=\"row panel-group panels-boxes-group sm-animation slide-up\">\n<div class=\"col-md-12 panel-box\"> <a class=\"panel-title pad-title\"> <span class=\"ph-cell\"><\/span> <\/a><\/p>\n<div class=\"panel-collapse \">\n<div class=\"panel-body\">\n<h4 class=\"panel-title body-title\"> <span class=\"ph-cell toggle-txt\">Was ist Arbitrage?<\/span><\/h4>\n<div class=\"panel-content\">\n<p>Grunds\u00e4tzlich besteht Arbitrage darin, dass ein Wertpapier bzw. eine W\u00e4hrung, Ware oder Kryptow\u00e4hrung auf einem Markt gekauft und dann zu einem h\u00f6heren Preis auf einem anderen wieder verkauft wird. Der tempor\u00e4re Preisunterschied ist dabei der Profit. Arbitrage gilt als ein Gewinngesch\u00e4ft mit geringem Risiko f\u00fcr den Investor.<\/p>\n<p>ArbiSmart verwendet ein automatisiertes System, um zum Kauf und Verkauf verschiedener Arten von Verm\u00f6genswerten Verbindung zu unterschiedlichen B\u00f6rsen herzustellen. Das System durchsucht die jeweiligen B\u00f6rsenangebote zuerst nach dem niedrigsten und dann nach dem h\u00f6chsten Verkaufspreis eines Assets, um von dem jeweiligen Preisunterschied zu profitieren.<\/p>\n<\/div>\n<\/div>\n<\/div>\n<\/div>\n<div class=\"col-md-12 panel-box\"> <a class=\"panel-title pad-title\"> <span class=\"ph-cell\"><\/span> <\/a><\/p>\n<div class=\"panel-collapse\">\n<div class=\"panel-body\">\n<h4 class=\"panel-title body-title\"><span class=\"ph-cell toggle-txt\">Wie funktioniert das ArbiSmart-System?<\/span><\/h4>\n<div class=\"panel-content\">\n<p>Das Arbitrage-System nutzt fortschrittliche, zum Patent angemeldete Technologie, um die besten Preise zum b\u00f6rsen\u00fcbergreifenden Handel mit Kryptow\u00e4hrungen zu erkennen. ArbiSmart verf\u00fcgt \u00fcber Echtzeit-Verbindungen zu den B\u00f6rsen. Das System ist in der Lage, zeitgleich ein enormes Handelsvolumen automatisch auszuf\u00fchren. Dazu bewertet es die aktuellen Spreads, kauft zum niedrigsten verf\u00fcgbaren Preis an einer B\u00f6rse ein, um dann mit h\u00f6chstm\u00f6glichem Gewinn an einer anderen wieder zu verkaufen.<\/p>\n<\/div>\n<\/div>\n<\/div>\n<\/div>\n<div class=\"col-md-12 panel-box\"> <a class=\"panel-title pad-title\"> <span class=\"ph-cell\"><\/span> <\/a><\/p>\n<div class=\"panel-collapse\">\n<div class=\"panel-body\">\n<h4 class=\"panel-title body-title\"><span class=\"ph-cell toggle-txt\">Wie kann ich mich bei ArbiSmart registrieren?<\/span><\/h4>\n<div class=\"panel-content\">\n<p>Zur Registrieren bei ArbiSmart klicken Sie einfach auf die \u201eAnmelden\u201c-Schaltfl\u00e4che oben auf der Startseite.<\/p>\n<\/div>\n<\/div>\n<\/div>\n<\/div>\n<div class=\"col-md-12 panel-box\"> <a class=\"panel-title pad-title\"> <span class=\"ph-cell\"><\/span> <\/a><\/p>\n<div class=\"panel-collapse\">\n<div class=\"panel-body\">\n<h4 class=\"panel-title body-title\"><span class=\"ph-cell toggle-txt\">Ich bin registriert, kann mich aber dennoch nicht bei meinem Konto anmelden. Was soll ich tun? <\/span><\/h4>\n<div class=\"panel-content\">\n<p>Bitte pr\u00fcfen Sie, ob Sie die E-Mail zur Aktivierung, die nach Abschluss einer Registrierung versandt wird, bekommen haben. Ist dies der Fall, klicken Sie auf den darin enthaltenen Aktivierungslink.<br \/>\nAchten Sie au\u00dferdem darauf, dass Sie Ihr Kennwort ordnungsgem\u00e4\u00df eingegeben haben.<br \/>\nSollten Sie weiterhin Schwierigkeiten haben, wenden Sie sich bitte an unseren Support. Einer unserer Mitarbeiter hilft Ihnen gerne weiter.<\/p>\n<\/div>\n<\/div>\n<\/div>\n<\/div>\n<div class=\"col-md-12 panel-box\"> <a class=\"panel-title pad-title\"> <span class=\"ph-cell\"><\/span> <\/a><\/p>\n<div class=\"panel-collapse\">\n<div class=\"panel-body\">\n<h4 class=\"panel-title body-title\"><span class=\"ph-cell toggle-txt\">Wie und wann kann ich meine Pr\u00e4mienzahlungen erhalten?<\/span><\/h4>\n<div class=\"panel-content\">\n<p>Sobald Sie das Pr\u00e4mienverfahren abgeschlossen haben, erfolgt eine inhaltliche \u00dcberpr\u00fcfung. Nach der Pr\u00e4mienverifizierung werden die jeweiligen Token Ihrem Konto direkt gutgeschrieben.<\/p>\n<\/div>\n<\/div>\n<\/div>\n<\/div>\n<div class=\"col-md-12 panel-box\"> <a class=\"panel-title pad-title\"> <span class=\"ph-cell\"><\/span> <\/a><\/p>\n<div class=\"panel-collapse\">\n<div class=\"panel-body\">\n<h4 class=\"panel-title body-title\"><span class=\"ph-cell toggle-txt\">Gibt es einen Mindestbetrag bei der ersten Investition? <\/span><\/h4>\n<div class=\"panel-content\">\n<p>Der bei ArbiSmart geltende Mindestbetrag f\u00fcr Ersteinzahlungen bel\u00e4uft sich auf 500 EUR. Wir m\u00f6chten Sie darauf hinweisen, dass wir uns das Recht vorbehalten, diese Summe nach unserem Ermessen zu \u00e4ndern.<\/p>\n<\/div>\n<\/div>\n<\/div>\n<\/div>\n<div class=\"col-md-12 panel-box\"> <a class=\"panel-title pad-title\"> <span class=\"ph-cell\"><\/span> <\/a><\/p>\n<div class=\"panel-collapse\">\n<div class=\"panel-body\">\n<h4 class=\"panel-title body-title\"><span class=\"ph-cell toggle-txt\">Kann ich Inhaber von mehr als einem Arbitrage-Konto sein? <\/span><\/h4>\n<div class=\"panel-content\">\n<p>Jeder einzelne Kunde kann nur \u00fcber ein privates Konto verf\u00fcgen, allerdings sind bei uns zus\u00e4tzliche Firmenkonten zugelassen. F\u00fcr weitere Informationen zur Er\u00f6ffnung eines Kontos f\u00fcr Ihr Unternehmen wenden Sie sich bitte an unser Support-Team.<\/p>\n<\/div>\n<\/div>\n<\/div>\n<\/div>\n<div class=\"col-md-12 panel-box\"> <a class=\"panel-title pad-title\"> <span class=\"ph-cell\"><\/span> <\/a><\/p>\n<div class=\"panel-collapse\">\n<div class=\"panel-body\">\n<h4 class=\"panel-title body-title\"><span class=\"ph-cell toggle-txt\">W\u00e4hrend welcher Zeiten ist das System aktiv und die Durchf\u00fchrung von Handelsgesch\u00e4ften m\u00f6glich? <\/span><\/h4>\n<div class=\"panel-content\">\n<p>ArbiSmart ist an allen Tagen der Woche 24 Stunden lang aktiv.<\/p>\n<\/div>\n<\/div>\n<\/div>\n<\/div>\n<div class=\"col-md-12 panel-box\"> <a class=\"panel-title pad-title\"> <span class=\"ph-cell\"><\/span> <\/a><\/p>\n<div class=\"panel-collapse\">\n<div class=\"panel-body\">\n<h4 class=\"panel-title body-title\"><span class=\"ph-cell toggle-txt\">Wie mache ich eine Einzahlung? <\/span><\/h4>\n<div class=\"panel-content\">\n<p>Die Einzahlung von Mitteln geht mit ArbiSmart ganz schnell und einfach. Auf der Hauptseite des Dashboards finden Sie eine Vielzahl von Zahlungsmethoden einschlie\u00dflich Kryptow\u00e4hrungen, Bank\u00fcberweisungen und Kreditkarten. W\u00e4hlen Sie einfach die von Ihnen bevorzugte Zahlungsmethode aus und machen Sie eine Einzahlung.<\/p>\n<\/div>\n<\/div>\n<\/div>\n<\/div>\n<div class=\"col-md-12 panel-box\"> <a class=\"panel-title pad-title\"> <span class=\"ph-cell\"><\/span> <\/a><\/p>\n<div class=\"panel-collapse\">\n<div class=\"panel-body\">\n<h4 class=\"panel-title body-title\"><span class=\"ph-cell toggle-txt\">Wie kann ich Guthaben abheben?<\/span><\/h4>\n<div class=\"panel-content\">\n<p>Das Abheben von Guthaben ist eine schnelle, leichte und unkomplizierte Sache. Gehen Sie einfach zu Ihrem Konto und stellen Sie einen Auszahlungsantrag. Dieser sollte dann innerhalb von 24 Stunden bearbeitet werden.<\/p>\n<p>Bitte denken Sie daran, dass als Voraussetzung f\u00fcr eine Abhebung darauf zu achten ist, dass das \u201eKnow Your Customer\u201c-\/KYC-Formular ausgef\u00fcllt wurde und alle Kontoangaben sowohl zutreffend als auch g\u00fcltig sind.<\/p>\n<\/div>\n<\/div>\n<\/div>\n<\/div>\n<div class=\"col-md-12 panel-box\"> <a class=\"panel-title pad-title\"> <span class=\"ph-cell\"><\/span> <\/a><\/p>\n<div class=\"panel-collapse\">\n<div class=\"panel-body\">\n<h4 class=\"panel-title body-title\"><span class=\"ph-cell toggle-txt\">Wie kann ich mein ArbiSmart-Konto sch\u00fctzen? <\/span><\/h4>\n<div class=\"panel-content\">\n<p>Zur Gew\u00e4hrleistung der Sicherheit Ihres ArbiSmart-Kontos w\u00e4hlen Sie bitte ein starkes Passwort mit einer Zeichenkombination aus Buchstaben und Zahlen aus.<\/p>\n<p>ArbiSmart erm\u00f6glicht Ihnen auch die Nutzung der Zwei-Faktor-Authentifizierung per E-Mail-Adresse und Telefon oder per E-Mail-Adresse und einem Generator von Einmal-Codes.<\/p>\n<\/div>\n<\/div>\n<\/div>\n<\/div>\n<div class=\"col-md-12 panel-box\"> <a class=\"panel-title pad-title\"> <span class=\"ph-cell\"><\/span> <\/a><\/p>\n<div class=\"panel-collapse\">\n<div class=\"panel-body\">\n<h4 class=\"panel-title body-title\"><span class=\"ph-cell toggle-txt\">Wird ArbiSmart reguliert? <\/span><\/h4>\n<div class=\"panel-content\">\n<p>ArbiSmart ist durch die Financial Intelligence Unit (\u201eFIU\u201c) in Estland vollst\u00e4ndig lizenziert und wird von dieser reguliert. Das Unternehmen ist dazu erm\u00e4chtigt, Dienstleistungen zum Tausch einer virtuellen W\u00e4hrung gegen eine FIAT-W\u00e4hrung (Lizenznummer: FVR000773) sowie einen \u201eVirtuellen W\u00e4hrungswallet\u201c-Service (Lizenznummer: FRK000674) anzubieten.<\/p>\n<\/div>\n<\/div>\n<\/div>\n<\/div>\n<div class=\"col-md-12 panel-box\"> <a class=\"panel-title pad-title\"> <span class=\"ph-cell\"><\/span> <\/a><\/p>\n<div class=\"panel-collapse\">\n<div class=\"panel-body\">\n<h4 class=\"panel-title body-title\"><span class=\"ph-cell toggle-txt\">Wie lange dauert das \u00dcberpr\u00fcfungsverfahren? <\/span><\/h4>\n<div class=\"panel-content\">\n<p>Das \u00dcberpr\u00fcfungsverfahren wurde zum Schutz der Integrit\u00e4t Ihres Kontos, zur Sicherung Ihrer Mittel und zur Abwehr von Betrugsversuchen eingef\u00fchrt. Nach korrekter Ausf\u00fcllung und \u00dcbersendung der Dokumente werden f\u00fcr das Verfahren drei Werktage einger\u00e4umt.<\/p>\n<p>Wir m\u00f6chten Sie darauf aufmerksam machen, dass ArbiSmart f\u00fcr VIP-Kunden und besonders gro\u00dfe Investitionssummen ein beschleunigtes Verifizierungsverfahren eingerichtet hat.<\/p>\n<\/div>\n<\/div>\n<\/div>\n<\/div>\n<div class=\"col-md-12 panel-box\"> <a class=\"panel-title pad-title\"> <span class=\"ph-cell\"><\/span> <\/a><\/p>\n<div class=\"panel-collapse\">\n<div class=\"panel-body\">\n<h4 class=\"panel-title body-title\"><span class=\"ph-cell toggle-txt\">Welche Einzahlungsweisen sind bei ArbiSmart zul\u00e4ssig? <\/span><\/h4>\n<div class=\"panel-content\">\n<p>ArbiSmart verf\u00fcgt \u00fcber drei Einzahlungsoptionen:<\/p>\n<ol>\n<li>Kryptow\u00e4hrungen wie Bitcoin, Etherium, Ripple Litecoin etc.<\/li>\n<li>Kreditkarten einschlie\u00dflich Mastercard und Visa<\/li>\n<li>\u00dcberweisung<\/li>\n<\/ol>\n<\/div>\n<\/div>\n<\/div>\n<\/div>\n<div class=\"col-md-12 panel-box\"> <a class=\"panel-title pad-title\"> <span class=\"ph-cell\"><\/span> <\/a><\/p>\n<div class=\"panel-collapse\">\n<div class=\"panel-body\">\n<h4 class=\"panel-title body-title\"><span class=\"ph-cell toggle-txt\">Wird der RBIS-Token-Preis von dem des Bitcoins beeinflusst?<\/span><\/h4>\n<div class=\"panel-content\">\n<p>Nein, der Token-Preis wird nur von Angebot und Nachfrage bestimmt.<\/p>\n<p>Wir m\u00f6chten Sie darauf aufmerksam machen, dass wir mit jedem von uns erreichten Meilenstein bei der Kundenakquise den Token-Preis erh\u00f6hen werden. Dass bedeutet, dass fr\u00fche Investoren eine erhebliche Investitionsrendite erwartet.<\/p>\n<\/div>\n<\/div>\n<\/div>\n<\/div>\n<div class=\"col-md-12 panel-box\"> <a class=\"panel-title pad-title\"> <span class=\"ph-cell\"><\/span> <\/a><\/p>\n<div class=\"panel-collapse\">\n<div class=\"panel-body\">\n<h4 class=\"panel-title body-title\"><span class=\"ph-cell toggle-txt\">Kann ich auf mein Konto mithilfe meines Handys zugreifen? <\/span><\/h4>\n<div class=\"panel-content\">\n<p>Ja, Website und Dashboard sind mit Android- oder iOS-Mobilger\u00e4ten v\u00f6llig kompatibel.<\/p>\n<p>Dar\u00fcber hinaus arbeiten wir derzeit an der Entwicklung einer mobilen ArbiSmart-App, die in naher Zukunft verf\u00fcgbar sein wird.<\/p>\n<\/div>\n<\/div>\n<\/div>\n<\/div>\n<div class=\"col-md-12 panel-box\"> <a class=\"panel-title pad-title\"> <span class=\"ph-cell\"><\/span> <\/a><\/p>\n<div class=\"panel-collapse\">\n<div class=\"panel-body\">\n<h4 class=\"panel-title body-title\"><span class=\"ph-cell toggle-txt\">Wie kann ich den Wert meiner RBIS-Token in Echtzeit erfahren?<\/span><\/h4>\n<div class=\"panel-content\">\n<p>Zur Anzeige des aktuellen RBIS-Preises melden Sie sich bei Ihrem Dashboard an. Dort finden Sie die Angabe auf Ihrem Hauptbildschirm.<\/p>\n<\/div>\n<\/div>\n<\/div>\n<\/div>\n<div class=\"col-md-12 panel-box\"> <a class=\"panel-title pad-title\"> <span class=\"ph-cell\"><\/span> <\/a><\/p>\n<div class=\"panel-collapse\">\n<div class=\"panel-body\">\n<h4 class=\"panel-title body-title\"><span class=\"ph-cell toggle-txt\">Gibt es irgendwelche Gesch\u00e4ftsbedingungen, die ich zur Abhebung von Token erf\u00fcllen muss? <\/span><\/h4>\n<div class=\"panel-content\">\nJa. Im Vorfeld einer Abhebung muss Ihr Konto verifiziert werden. Dazu ist es u. a. erforderlich, die vollst\u00e4ndigen Kontodaten zur Verf\u00fcgung zu stellen und das \u201eKnow Your Client\u201c-\/KYC-Formular auszuf\u00fcllen. Diese Schritte sind notwendig, um die Sicherheit und Privatsph\u00e4re Ihres Kontos zu gew\u00e4hrleisten und Betrugsversuchen vorzubeugen.<br \/>\n<strong>Wichtiger Hinweis:<\/strong> Je nach Kontolevel k\u00f6nnen zus\u00e4tzliche Gesch\u00e4ftsbedingungen gelten. F\u00fcr weitere Informationen wenden Sie sich bitte an Ihren Kundenbetreuer.\n<\/div>\n<\/div>\n<\/div>\n<\/div>\n<div class=\"col-md-12 panel-box\"> <a class=\"panel-title pad-title\"> <span class=\"ph-cell\"><\/span> <\/a><\/p>\n<div class=\"panel-collapse\">\n<div class=\"panel-body\">\n<h4 class=\"panel-title body-title\"><span class=\"ph-cell toggle-txt\">Warum sehe ich nach einer Investition oder einem Gewinn meine Transaktion nicht auf der Blockchain? <\/span><\/h4>\n<div class=\"panel-content\">\n<p>Wie bei allen gro\u00dfen B\u00f6rsen werden die gesamten Berechnungen von unserem System intern durchgef\u00fchrt, so dass Ihre Transaktion erst bei Abhebung der Token angezeigt wird.<\/p>\n<\/div>\n<\/div>\n<\/div>\n<\/div>\n<div class=\"col-md-12 panel-box\"> <a class=\"panel-title pad-title\"> <span class=\"ph-cell\"><\/span> <\/a><\/p>\n<div class=\"panel-collapse\">\n<div class=\"panel-body\">\n<h4 class=\"panel-title body-title\"><span class=\"ph-cell toggle-txt\">Wie kann ich sicher sein, dass die Token in meinem Besitz auch tats\u00e4chlich von ArbiSmart herausgegeben wurden? <\/span><\/h4>\n<div class=\"panel-content\">\n<p>Um die Echtheit Ihrer Token zu gew\u00e4hrleisten, gehen Sie zur Ethereum-Blockchain und stellen sicher, dass die Smart-Contract-Adresse genau der nachfolgenden entspricht: <b>0xf34B1Db61ACa1a371fE97BAd2606c9f534fb9D7D<\/b><\/p>\n<\/div>\n<\/div>\n<\/div>\n<\/div>\n<div class=\"col-md-12 panel-box\"> <a class=\"panel-title pad-title\"> <span class=\"ph-cell\"><\/span> <\/a><\/p>\n<div class=\"panel-collapse\">\n<div class=\"panel-body\">\n<h4 class=\"panel-title body-title\"><span class=\"ph-cell toggle-txt\">Wie kann ich meine k\u00fcnftigen Gewinne einsch\u00e4tzen?<\/span><\/h4>\n<div class=\"panel-content\">\n<p>Sie k\u00f6nnen Ihre zuk\u00fcnftigen mit ArbiSmart erwirtschafteten Ertr\u00e4ge mithilfe von ArbiSmarts fortschrittlichem, funktionsreichen Smart-Investment-Rechner kalkulieren. Dieser ist \u00fcber die Startseite der Website oder das Dashboard zug\u00e4nglich. Um abzusch\u00e4tzen, wie viel Sie verdienen werden, geben Sie einfach die von Ihnen investierte Summe und einen Zeitrahmen ein.<\/p>\n<p>F\u00fcr weitere Informationen gehen Sie bitte zu unserem <a href=\"\/calculator\/\">Smart-Investment-Rechner<\/a>.<\/p>\n<\/div>\n<\/div>\n<\/div>\n<\/div>\n<div class=\"col-md-12 panel-box\"> <a class=\"panel-title pad-title\"> <span class=\"ph-cell\"><\/span> <\/a><\/p>\n<div class=\"panel-collapse\">\n<div class=\"panel-body\">\n<h4 class=\"panel-title body-title\"><span class=\"ph-cell toggle-txt\">Wie viele Token stehen zum Verkauf? <\/span><\/h4>\n<div class=\"panel-content\">\n<p>Insgesamt werden 450.000.000 Token zum Verkauf angeboten \u2013 jedes zum Preis von 1 EUR. Mit jedem erreichten Meilenstein in Bezug auf die Kundenakquise, Entwicklung und Anzahl der verkauften Token steigt der Preis, so dass fr\u00fche Investoren f\u00fcr Ihre Token eine wesentlich h\u00f6here Rendite erhalten.<\/p>\n<\/div>\n<\/div>\n<\/div>\n<\/div>\n<div class=\"col-md-12 panel-box\"> <a class=\"panel-title pad-title\"> <span class=\"ph-cell\"><\/span> <\/a><\/p>\n<div class=\"panel-collapse\">\n<div class=\"panel-body\">\n<h4 class=\"panel-title body-title\"><span class=\"ph-cell toggle-txt\">Welche Garantie bietet ArbiSmart daf\u00fcr, dass das Unternehmen nach dem Verkauf von 450.000.000 Token nicht doch noch weitere RBIS herausgibt? <\/span><\/h4>\n<div class=\"panel-content\">\n<p>ArbiSmart hat die M\u00f6glichkeit einer Ausgabe weiterer Token im Smart Contract deaktiviert. Es besteht keine M\u00f6glichkeit zur Ausstellung zus\u00e4tzlicher Token.<\/p>\n<\/div>\n<\/div>\n<\/div>\n<\/div>\n<div class=\"col-md-12 panel-box\"> <a class=\"panel-title pad-title\"> <span class=\"ph-cell\"><\/span> <\/a><\/p>\n<div class=\"panel-collapse\">\n<div class=\"panel-body\">\n<h4 class=\"panel-title body-title\"><span class=\"ph-cell toggle-txt\">Plant ArbiSmart die Herausgabe einer eigenen Blockchain? <\/span><\/h4>\n<div class=\"panel-content\">\n<p>Wir arbeiten derzeit an einer Vielzahl von Optimierungen bez\u00fcglich der Arbitrage-Ums\u00e4tze und erstellen zus\u00e4tzliche Arbitrage-Kan\u00e4le im Bereich Immobilien und Einzelhandel. Die Entwicklung unserer eigenen Blockchain ist allerdings geplant und einer unserer k\u00fcnftigen Meilensteine. Bitte sehen Sie sich f\u00fcr weitere Informationen unsere \u201eRoadmap\u201c an.<\/p>\n<\/div>\n<\/div>\n<\/div>\n<\/div>\n<div class=\"col-md-12 panel-box\"> <a class=\"panel-title pad-title\"> <span class=\"ph-cell\"><\/span> <\/a><\/p>\n<div class=\"panel-collapse\">\n<div class=\"panel-body\">\n<h4 class=\"panel-title body-title\"><span class=\"ph-cell toggle-txt\">Warum unterscheiden sich die prozentualen Gewinnanteile je nach Kontolevel? <\/span><\/h4>\n<div class=\"panel-content\">\n<p>Der Grund, warum der Prozentsatz am Gewinn f\u00fcr diejenigen mit h\u00f6her angesiedelten Konten gr\u00f6\u00dfer ist, liegt darin, dass sie mehr zur Rentabilit\u00e4t des Systems beitragen. Je h\u00f6her die Investitionssumme, desto gr\u00f6\u00dfer ist der Beitrag zum Liquidit\u00e4tspool \u2013 und hohe Liquidit\u00e4t ist f\u00fcr die Rentabilit\u00e4t von Arbitrage entscheidend. Dementsprechend k\u00f6nnen diejenigen, die mehr investiert und ein h\u00f6heres Kontolevel erreicht haben, von gr\u00f6\u00dferen Gewinnanteilen, besseren Angeboten und h\u00f6heren Einnahmem\u00f6glichkeiten profitieren.<\/p>\n<\/div>\n<\/div>\n<\/div>\n<\/div>\n<\/div>\n","protected":false},"excerpt":{"rendered":"Was ist Arbitrage? Grunds\u00e4tzlich besteht Arbitrage darin, dass ein Wertpapier bzw. eine W\u00e4hrung, Ware oder Kryptow\u00e4hrung auf einem Markt gekauft und dann zu einem h\u00f6heren Preis auf einem anderen wieder verkauft wird. Der tempor\u00e4re Preisunterschied ist dabei der Profit. Arbitrage gilt als ein Gewinngesch\u00e4ft mit geringem Risiko f\u00fcr den Investor. ArbiSmart verwendet ein automatisiertes System,&#8230;","protected":false},"author":1,"featured_media":0,"parent":0,"menu_order":0,"comment_status":"closed","ping_status":"closed","template":"","meta":[],"yoast_head":"<!-- This site is optimized with the Yoast SEO plugin v18.4.1 - https:\/\/yoast.com\/wordpress\/plugins\/seo\/ -->\n<title>FAQ | ArbiSmart<\/title>\n<meta name=\"description\" content=\"Arbitrage is basically buying a security, currency, commodity or a cryptocurrency in one market and selling it in another market at a higher price, profiting from the temporary difference in prices.\" \/>\n<meta name=\"robots\" content=\"index, follow, max-snippet:-1, max-image-preview:large, max-video-preview:-1\" \/>\n<link rel=\"canonical\" href=\"https:\/\/wallet.egodev1.info\/faq\/\" \/>\n<meta property=\"og:locale\" content=\"de_DE\" \/>\n<meta property=\"og:type\" content=\"article\" \/>\n<meta property=\"og:title\" content=\"FAQ | ArbiSmart\" \/>\n<meta property=\"og:description\" content=\"Arbitrage is basically buying a security, currency, commodity or a cryptocurrency in one market and selling it in another market at a higher price, profiting from the temporary difference in prices.\" \/>\n<meta property=\"og:url\" content=\"https:\/\/wallet.egodev1.info\/faq\/\" \/>\n<meta property=\"og:site_name\" content=\"Arbismart - Trusted Transparent Arbitrage Trading - EU Regulated.\" \/>\n<meta property=\"article:modified_time\" content=\"2021-12-28T07:44:26+00:00\" \/>\n<meta name=\"twitter:card\" content=\"summary_large_image\" \/>\n<meta name=\"twitter:label1\" content=\"Gesch\u00e4tzte Lesezeit\" \/>\n\t<meta name=\"twitter:data1\" content=\"28\u00a0Minuten\" \/>\n<script type=\"application\/ld+json\" class=\"yoast-schema-graph\">{\"@context\":\"https:\/\/schema.org\",\"@graph\":[{\"@type\":\"WebSite\",\"@id\":\"https:\/\/wallet.egodev1.info\/#website\",\"url\":\"https:\/\/wallet.egodev1.info\/\",\"name\":\"Arbismart - Trusted Transparent Arbitrage Trading - EU Regulated.\",\"description\":\"Smart Arbitrage Systems\",\"potentialAction\":[{\"@type\":\"SearchAction\",\"target\":{\"@type\":\"EntryPoint\",\"urlTemplate\":\"https:\/\/wallet.egodev1.info\/?s={search_term_string}\"},\"query-input\":\"required name=search_term_string\"}],\"inLanguage\":\"de-DE\"},{\"@type\":\"WebPage\",\"@id\":\"https:\/\/wallet.egodev1.info\/faq\/#webpage\",\"url\":\"https:\/\/wallet.egodev1.info\/faq\/\",\"name\":\"FAQ | ArbiSmart\",\"isPartOf\":{\"@id\":\"https:\/\/wallet.egodev1.info\/#website\"},\"datePublished\":\"2019-04-12T09:10:52+00:00\",\"dateModified\":\"2021-12-28T07:44:26+00:00\",\"description\":\"Arbitrage is basically buying a security, currency, commodity or a cryptocurrency in one market and selling it in another market at a higher price, profiting from the temporary difference in prices.\",\"breadcrumb\":{\"@id\":\"https:\/\/wallet.egodev1.info\/faq\/#breadcrumb\"},\"inLanguage\":\"de-DE\",\"potentialAction\":[{\"@type\":\"ReadAction\",\"target\":[\"https:\/\/wallet.egodev1.info\/faq\/\"]}]},{\"@type\":\"BreadcrumbList\",\"@id\":\"https:\/\/wallet.egodev1.info\/faq\/#breadcrumb\",\"itemListElement\":[{\"@type\":\"ListItem\",\"position\":1,\"name\":\"Home\",\"item\":\"https:\/\/wallet.egodev1.info\/\"},{\"@type\":\"ListItem\",\"position\":2,\"name\":\"FAQs\"}]}]}<\/script>\n<!-- \/ Yoast SEO plugin. -->","yoast_head_json":{"title":"FAQ | ArbiSmart","description":"Arbitrage is basically buying a security, currency, commodity or a cryptocurrency in one market and selling it in another market at a higher price, profiting from the temporary difference in prices.","robots":{"index":"index","follow":"follow","max-snippet":"max-snippet:-1","max-image-preview":"max-image-preview:large","max-video-preview":"max-video-preview:-1"},"canonical":"https:\/\/wallet.egodev1.info\/faq\/","og_locale":"de_DE","og_type":"article","og_title":"FAQ | ArbiSmart","og_description":"Arbitrage is basically buying a security, currency, commodity or a cryptocurrency in one market and selling it in another market at a higher price, profiting from the temporary difference in prices.","og_url":"https:\/\/wallet.egodev1.info\/faq\/","og_site_name":"Arbismart - Trusted Transparent Arbitrage Trading - EU Regulated.","article_modified_time":"2021-12-28T07:44:26+00:00","twitter_card":"summary_large_image","twitter_misc":{"Gesch\u00e4tzte Lesezeit":"28\u00a0Minuten"},"schema":{"@context":"https:\/\/schema.org","@graph":[{"@type":"WebSite","@id":"https:\/\/wallet.egodev1.info\/#website","url":"https:\/\/wallet.egodev1.info\/","name":"Arbismart - Trusted Transparent Arbitrage Trading - EU Regulated.","description":"Smart Arbitrage Systems","potentialAction":[{"@type":"SearchAction","target":{"@type":"EntryPoint","urlTemplate":"https:\/\/wallet.egodev1.info\/?s={search_term_string}"},"query-input":"required name=search_term_string"}],"inLanguage":"de-DE"},{"@type":"WebPage","@id":"https:\/\/wallet.egodev1.info\/faq\/#webpage","url":"https:\/\/wallet.egodev1.info\/faq\/","name":"FAQ | ArbiSmart","isPartOf":{"@id":"https:\/\/wallet.egodev1.info\/#website"},"datePublished":"2019-04-12T09:10:52+00:00","dateModified":"2021-12-28T07:44:26+00:00","description":"Arbitrage is basically buying a security, currency, commodity or a cryptocurrency in one market and selling it in another market at a higher price, profiting from the temporary difference in prices.","breadcrumb":{"@id":"https:\/\/wallet.egodev1.info\/faq\/#breadcrumb"},"inLanguage":"de-DE","potentialAction":[{"@type":"ReadAction","target":["https:\/\/wallet.egodev1.info\/faq\/"]}]},{"@type":"BreadcrumbList","@id":"https:\/\/wallet.egodev1.info\/faq\/#breadcrumb","itemListElement":[{"@type":"ListItem","position":1,"name":"Home","item":"https:\/\/wallet.egodev1.info\/"},{"@type":"ListItem","position":2,"name":"FAQs"}]}]}},"_links":{"self":[{"href":"https:\/\/wallet.egodev1.info\/de\/wp-json\/wp\/v2\/pages\/22"}],"collection":[{"href":"https:\/\/wallet.egodev1.info\/de\/wp-json\/wp\/v2\/pages"}],"about":[{"href":"https:\/\/wallet.egodev1.info\/de\/wp-json\/wp\/v2\/types\/page"}],"author":[{"embeddable":true,"href":"https:\/\/wallet.egodev1.info\/de\/wp-json\/wp\/v2\/users\/1"}],"replies":[{"embeddable":true,"href":"https:\/\/wallet.egodev1.info\/de\/wp-json\/wp\/v2\/comments?post=22"}],"version-history":[{"count":71,"href":"https:\/\/wallet.egodev1.info\/de\/wp-json\/wp\/v2\/pages\/22\/revisions"}],"predecessor-version":[{"id":2011,"href":"https:\/\/wallet.egodev1.info\/de\/wp-json\/wp\/v2\/pages\/22\/revisions\/2011"}],"wp:attachment":[{"href":"https:\/\/wallet.egodev1.info\/de\/wp-json\/wp\/v2\/media?parent=22"}],"curies":[{"name":"wp","href":"https:\/\/api.w.org\/{rel}","templated":true}]}}