{"id":20,"date":"2019-04-12T09:10:38","date_gmt":"2019-04-12T09:10:38","guid":{"rendered":"http:\/\/tuta.work\/?page_id=20"},"modified":"2020-09-23T08:18:22","modified_gmt":"2020-09-23T08:18:22","slug":"contact","status":"publish","type":"page","link":"https:\/\/wallet.egodev1.info\/de\/contact\/","title":{"rendered":"Kontaktieren Sie uns"},"content":{"rendered":"<section id=\"contacts\">\n<div class=\"container\">\n<div class=\"row\">\n<div class=\"col-xl-6\">\n<div class=\"image\">\n                    <img src=\"\/wp-content\/themes\/arbismart_2.0\/images\/contacts.png\" class=\"img-fluid\">\n                <\/div>\n<\/p><\/div>\n<div class=\"col-xl-6 d-flex\">\n<div class=\"content align-self-center\">\n<p>Haben Sie eine Frage? Nehmen Sie Kontakt mit unserem erfahrenen Team von Branchenspezialisten auf und nutzen Sie unsere pers\u00f6nliche, professionelle Betreuung \u2013 t\u00e4glich 24 Stunden, an allen sieben Tagen der Woche. Unsere weltweiten Support-Mitarbeiter stehen Ihnen \u00fcber verschiedene Kan\u00e4le wie E-Mail, Telefon, WhatsApp, Telegram, Viber und Messenger zur Verf\u00fcgung.<\/p>\n<\/p><\/div>\n<\/p><\/div>\n<\/p><\/div>\n<\/p><\/div>\n<\/section>\n<section id=\"Advantage\">\n<div class=\"container\">\n<div class=\"row\">\n<div class=\"col-xl-6 offset-xl-6 mb-5\">\n<div class=\"item\">\n<h2>Der ArbiSmart <br \/> Vorteil<\/h2>\n<p>Intelligente Arbitrage-Systeme Die zum Patent angemeldete hochinnovative Technologie st\u00e4rkt Ihr Portfolio und sorgt daf\u00fcr, dass der richtige Schritt genau zum richtigen Zeitpunkt erfolgt. Unsere Plattform der n\u00e4chsten Generation profitiert von der angeborenen Transparenz und Sicherheit der Blockchain und bietet ein noch nie dagewesenes Ma\u00df an Geschwindigkeit und Zuverl\u00e4ssigkeit. Unser System, das in einem Hochgeschwindigkeits-Rechenzentrum gehostet wird, wertet Spreads automatisch aus und schlie\u00dft umsatzgenerierende Transaktionen in Echtzeit ab, sodass Sie von der Entwicklung von Marktchancen f\u00fcr Krypto in der Sekunde profitieren k\u00f6nnen, in der sie entstehen.<\/p>\n<\/p><\/div>\n<\/p><\/div>\n<div class=\"col-xl-6\">\n<div class=\"item email\">\n<div class=\"title\">\n                        Email\n                    <\/div>\n<p><a href=\"mailto:support@arbismart.com\">support@arbismart.com<\/a><\/p>\n<\/p><\/div>\n<\/p><\/div>\n<div class=\"col-xl-6\">\n<div class=\"item time\">\n<div class=\"title\">\n                        24\/7\n                    <\/div>\n<p>Das internationale Team von Smart Arbitrage Systems ist jeden Tag rund um die Uhr f\u00fcr Sie da, um Ihnen fachkundige, professionelle Unterst\u00fctzung zu bieten.<\/p>\n<\/p><\/div>\n<\/p><\/div>\n<div class=\"col-xl-6 d-none\">\n<div class=\"item phone\">\n<div class=\"title\">\n                        Telefon\n                    <\/div>\n<p><a href=\"tel:+3726991571\">+3726991571<\/a><\/p>\n<\/p><\/div>\n<\/p><\/div>\n<\/p><\/div>\n<\/p><\/div>\n<\/section>\n<section id=\"social_media\">\n<div class=\"container\">\n<div class=\"row\">\n<div class=\"col-xl-6 offset-xl-6\">\n<h2 class=\"mb-5 pb-4\">Soziale Netzwerke<\/h2>\n<\/p><\/div>\n<div class=\"col-xl-6 Telegram\">\n<div class=\"phone\"><a target=\"_blank\" href=\"https:\/\/t.me\/ArbiSmart_Support\" rel=\"noopener noreferrer\"><small>@ArbiSmart_Support \/ @arbismart<\/small><\/a><\/div>\n<div class=\"title\"><a target=\"_blank\" href=\"https:\/\/t.me\/ArbiSmart_Support\" rel=\"noopener noreferrer\">Telegram<\/a><\/div>\n<\/p><\/div>\n<div class=\"col-xl-6 Whatsapp d-none\">\n<div class=\"phone\"><a target=\"_blank\" href=\"tel:+37281933266\" rel=\"noopener noreferrer\">+37281933266<\/a><\/div>\n<div class=\"title\"><a target=\"_blank\" href=\"tel:+37281933266\" rel=\"noopener noreferrer\">Whatsapp<\/a><\/div>\n<\/p><\/div>\n<div class=\"col-xl-6 Facebook\">\n<div class=\"phone\"><a target=\"_blank\" href=\"https:\/\/www.facebook.com\/arbismartplatform\/\" rel=\"noopener noreferrer\">\/arbismartplatform<\/a><\/div>\n<div class=\"title\"><a target=\"_blank\" href=\"https:\/\/www.facebook.com\/arbismartplatform\/\" rel=\"noopener noreferrer\">Facebook<\/a><\/div>\n<\/p><\/div>\n<div class=\"col-xl-6 Viber d-none\">\n<div class=\"phone\"><a target=\"_blank\" href=\"tel:+37281933266\" rel=\"noopener noreferrer\">+37281933266<\/a><\/div>\n<div class=\"title\"><a target=\"_blank\" href=\"tel:+37281933266\" rel=\"noopener noreferrer\">Viber<\/a><\/div>\n<\/p><\/div>\n<div class=\"col-xl-6 Twitter\">\n<div class=\"phone\"><a target=\"_blank\" href=\"https:\/\/twitter.com\/arbismart\" rel=\"noopener noreferrer\">\/arbismart<\/a><\/div>\n<div class=\"title\"><a target=\"_blank\" href=\"https:\/\/twitter.com\/arbismart\" rel=\"noopener noreferrer\">Twitter<\/a><\/div>\n<\/p><\/div>\n<div class=\"col-xl-6 Instagram\">\n<div class=\"phone\"><a target=\"_blank\" href=\"https:\/\/www.instagram.com\/arbismart\/\" rel=\"noopener noreferrer\">\/arbismart<\/a><\/div>\n<div class=\"title\"><a target=\"_blank\" href=\"https:\/\/www.instagram.com\/arbismart\/\" rel=\"noopener noreferrer\">Instagram<\/a><\/div>\n<\/p><\/div>\n<\/p><\/div>\n<\/p><\/div>\n<\/section>\n","protected":false},"excerpt":{"rendered":"Haben Sie eine Frage? Nehmen Sie Kontakt mit unserem erfahrenen Team von Branchenspezialisten auf und nutzen Sie unsere pers\u00f6nliche, professionelle Betreuung \u2013 t\u00e4glich 24 Stunden, an allen sieben Tagen der Woche. Unsere weltweiten Support-Mitarbeiter stehen Ihnen \u00fcber verschiedene Kan\u00e4le wie E-Mail, Telefon, WhatsApp, Telegram, Viber und Messenger zur Verf\u00fcgung. Der ArbiSmart Vorteil Intelligente Arbitrage-Systeme Die&#8230;","protected":false},"author":1,"featured_media":0,"parent":0,"menu_order":0,"comment_status":"closed","ping_status":"closed","template":"","meta":[],"yoast_head":"<!-- This site is optimized with the Yoast SEO plugin v18.4.1 - https:\/\/yoast.com\/wordpress\/plugins\/seo\/ -->\n<title>Contact us | ArbiSmart<\/title>\n<meta name=\"description\" content=\"Have a question? Get in touch with our expert team of industry specialists and receive personal, professional guidance twenty four hours a day, seven days a week. Our global support staff is available, via multiple channels, including email, phone, Whatsapp, Telegram, Viber, and Messenger.\" \/>\n<meta name=\"robots\" content=\"index, follow, max-snippet:-1, max-image-preview:large, max-video-preview:-1\" \/>\n<link rel=\"canonical\" href=\"https:\/\/wallet.egodev1.info\/contact\/\" \/>\n<meta property=\"og:locale\" content=\"de_DE\" \/>\n<meta property=\"og:type\" content=\"article\" \/>\n<meta property=\"og:title\" content=\"Contact us | ArbiSmart\" \/>\n<meta property=\"og:description\" content=\"Have a question? Get in touch with our expert team of industry specialists and receive personal, professional guidance twenty four hours a day, seven days a week. Our global support staff is available, via multiple channels, including email, phone, Whatsapp, Telegram, Viber, and Messenger.\" \/>\n<meta property=\"og:url\" content=\"https:\/\/wallet.egodev1.info\/contact\/\" \/>\n<meta property=\"og:site_name\" content=\"Arbismart - Trusted Transparent Arbitrage Trading - EU Regulated.\" \/>\n<meta property=\"article:modified_time\" content=\"2020-09-23T08:18:22+00:00\" \/>\n<meta property=\"og:image\" content=\"https:\/\/wallet.egodev1.info\/wp-content\/themes\/arbismart_2.0\/images\/contacts.png\" \/>\n<meta name=\"twitter:card\" content=\"summary_large_image\" \/>\n<meta name=\"twitter:label1\" content=\"Gesch\u00e4tzte Lesezeit\" \/>\n\t<meta name=\"twitter:data1\" content=\"6\u00a0Minuten\" \/>\n<script type=\"application\/ld+json\" class=\"yoast-schema-graph\">{\"@context\":\"https:\/\/schema.org\",\"@graph\":[{\"@type\":\"WebSite\",\"@id\":\"https:\/\/wallet.egodev1.info\/#website\",\"url\":\"https:\/\/wallet.egodev1.info\/\",\"name\":\"Arbismart - Trusted Transparent Arbitrage Trading - EU Regulated.\",\"description\":\"Smart Arbitrage Systems\",\"potentialAction\":[{\"@type\":\"SearchAction\",\"target\":{\"@type\":\"EntryPoint\",\"urlTemplate\":\"https:\/\/wallet.egodev1.info\/?s={search_term_string}\"},\"query-input\":\"required name=search_term_string\"}],\"inLanguage\":\"de-DE\"},{\"@type\":\"ImageObject\",\"@id\":\"https:\/\/wallet.egodev1.info\/contact\/#primaryimage\",\"inLanguage\":\"de-DE\",\"url\":\"\/wp-content\/themes\/arbismart_2.0\/images\/contacts.png\",\"contentUrl\":\"\/wp-content\/themes\/arbismart_2.0\/images\/contacts.png\"},{\"@type\":\"WebPage\",\"@id\":\"https:\/\/wallet.egodev1.info\/contact\/#webpage\",\"url\":\"https:\/\/wallet.egodev1.info\/contact\/\",\"name\":\"Contact us | ArbiSmart\",\"isPartOf\":{\"@id\":\"https:\/\/wallet.egodev1.info\/#website\"},\"primaryImageOfPage\":{\"@id\":\"https:\/\/wallet.egodev1.info\/contact\/#primaryimage\"},\"datePublished\":\"2019-04-12T09:10:38+00:00\",\"dateModified\":\"2020-09-23T08:18:22+00:00\",\"description\":\"Have a question? Get in touch with our expert team of industry specialists and receive personal, professional guidance twenty four hours a day, seven days a week. Our global support staff is available, via multiple channels, including email, phone, Whatsapp, Telegram, Viber, and Messenger.\",\"breadcrumb\":{\"@id\":\"https:\/\/wallet.egodev1.info\/contact\/#breadcrumb\"},\"inLanguage\":\"de-DE\",\"potentialAction\":[{\"@type\":\"ReadAction\",\"target\":[\"https:\/\/wallet.egodev1.info\/contact\/\"]}]},{\"@type\":\"BreadcrumbList\",\"@id\":\"https:\/\/wallet.egodev1.info\/contact\/#breadcrumb\",\"itemListElement\":[{\"@type\":\"ListItem\",\"position\":1,\"name\":\"Home\",\"item\":\"https:\/\/wallet.egodev1.info\/\"},{\"@type\":\"ListItem\",\"position\":2,\"name\":\"Contact us\"}]}]}<\/script>\n<!-- \/ Yoast SEO plugin. -->","yoast_head_json":{"title":"Contact us | ArbiSmart","description":"Have a question? Get in touch with our expert team of industry specialists and receive personal, professional guidance twenty four hours a day, seven days a week. Our global support staff is available, via multiple channels, including email, phone, Whatsapp, Telegram, Viber, and Messenger.","robots":{"index":"index","follow":"follow","max-snippet":"max-snippet:-1","max-image-preview":"max-image-preview:large","max-video-preview":"max-video-preview:-1"},"canonical":"https:\/\/wallet.egodev1.info\/contact\/","og_locale":"de_DE","og_type":"article","og_title":"Contact us | ArbiSmart","og_description":"Have a question? Get in touch with our expert team of industry specialists and receive personal, professional guidance twenty four hours a day, seven days a week. Our global support staff is available, via multiple channels, including email, phone, Whatsapp, Telegram, Viber, and Messenger.","og_url":"https:\/\/wallet.egodev1.info\/contact\/","og_site_name":"Arbismart - Trusted Transparent Arbitrage Trading - EU Regulated.","article_modified_time":"2020-09-23T08:18:22+00:00","og_image":[{"url":"https:\/\/wallet.egodev1.info\/wp-content\/themes\/arbismart_2.0\/images\/contacts.png"}],"twitter_card":"summary_large_image","twitter_misc":{"Gesch\u00e4tzte Lesezeit":"6\u00a0Minuten"},"schema":{"@context":"https:\/\/schema.org","@graph":[{"@type":"WebSite","@id":"https:\/\/wallet.egodev1.info\/#website","url":"https:\/\/wallet.egodev1.info\/","name":"Arbismart - Trusted Transparent Arbitrage Trading - EU Regulated.","description":"Smart Arbitrage Systems","potentialAction":[{"@type":"SearchAction","target":{"@type":"EntryPoint","urlTemplate":"https:\/\/wallet.egodev1.info\/?s={search_term_string}"},"query-input":"required name=search_term_string"}],"inLanguage":"de-DE"},{"@type":"ImageObject","@id":"https:\/\/wallet.egodev1.info\/contact\/#primaryimage","inLanguage":"de-DE","url":"\/wp-content\/themes\/arbismart_2.0\/images\/contacts.png","contentUrl":"\/wp-content\/themes\/arbismart_2.0\/images\/contacts.png"},{"@type":"WebPage","@id":"https:\/\/wallet.egodev1.info\/contact\/#webpage","url":"https:\/\/wallet.egodev1.info\/contact\/","name":"Contact us | ArbiSmart","isPartOf":{"@id":"https:\/\/wallet.egodev1.info\/#website"},"primaryImageOfPage":{"@id":"https:\/\/wallet.egodev1.info\/contact\/#primaryimage"},"datePublished":"2019-04-12T09:10:38+00:00","dateModified":"2020-09-23T08:18:22+00:00","description":"Have a question? Get in touch with our expert team of industry specialists and receive personal, professional guidance twenty four hours a day, seven days a week. Our global support staff is available, via multiple channels, including email, phone, Whatsapp, Telegram, Viber, and Messenger.","breadcrumb":{"@id":"https:\/\/wallet.egodev1.info\/contact\/#breadcrumb"},"inLanguage":"de-DE","potentialAction":[{"@type":"ReadAction","target":["https:\/\/wallet.egodev1.info\/contact\/"]}]},{"@type":"BreadcrumbList","@id":"https:\/\/wallet.egodev1.info\/contact\/#breadcrumb","itemListElement":[{"@type":"ListItem","position":1,"name":"Home","item":"https:\/\/wallet.egodev1.info\/"},{"@type":"ListItem","position":2,"name":"Contact us"}]}]}},"_links":{"self":[{"href":"https:\/\/wallet.egodev1.info\/de\/wp-json\/wp\/v2\/pages\/20"}],"collection":[{"href":"https:\/\/wallet.egodev1.info\/de\/wp-json\/wp\/v2\/pages"}],"about":[{"href":"https:\/\/wallet.egodev1.info\/de\/wp-json\/wp\/v2\/types\/page"}],"author":[{"embeddable":true,"href":"https:\/\/wallet.egodev1.info\/de\/wp-json\/wp\/v2\/users\/1"}],"replies":[{"embeddable":true,"href":"https:\/\/wallet.egodev1.info\/de\/wp-json\/wp\/v2\/comments?post=20"}],"version-history":[{"count":77,"href":"https:\/\/wallet.egodev1.info\/de\/wp-json\/wp\/v2\/pages\/20\/revisions"}],"predecessor-version":[{"id":1180,"href":"https:\/\/wallet.egodev1.info\/de\/wp-json\/wp\/v2\/pages\/20\/revisions\/1180"}],"wp:attachment":[{"href":"https:\/\/wallet.egodev1.info\/de\/wp-json\/wp\/v2\/media?parent=20"}],"curies":[{"name":"wp","href":"https:\/\/api.w.org\/{rel}","templated":true}]}}