{"id":2,"date":"2019-04-12T07:16:55","date_gmt":"2019-04-12T07:16:55","guid":{"rendered":"http:\/\/tuta.work\/?page_id=2"},"modified":"2021-07-13T14:15:28","modified_gmt":"2021-07-13T14:15:28","slug":"about","status":"publish","type":"page","link":"https:\/\/wallet.egodev1.info\/de\/about\/","title":{"rendered":"\u00dcber uns"},"content":{"rendered":"<p>Smart Arbitrage Systems hat einen \u00e4u\u00dferst komplexen Algorithmus speziell zur Steigerung Ihrer Gesch\u00e4ftsergebnisse entwickelt. Das System ist robust, zuverl\u00e4ssig und sicher. Es eliminiert Risiken fast vollst\u00e4ndig, indem es automatisch auf einem Kryptow\u00e4hrungsmarkt zum Niedrigpreis ein- und dann auf einem anderen Markt sofort zum jeweils verf\u00fcgbaren H\u00f6chstpreis wieder verkauft.<\/p>\n<p>Unser leistungsstarkes System ist in der Lage, ein unglaublich hohes Transaktionsvolumen schnell und effektiv zeitgleich zu bew\u00e4ltigen und sich dabei Preisunterschiede f\u00fcr optimale Gewinne zunutze zu machen.<br \/>\nDar\u00fcber hinaus ist ein engagiertes Team von Kryptomarkt-Fachleuten rund um die Uhr verf\u00fcgbar, um Ihnen \u2013 wann immer n\u00f6tig \u2013 mit kompetenter Unterst\u00fctzung in Ihrer Sprache beizustehen.<br \/>\n&nbsp;<\/p>\n<h2 class=\"section-title2\">Der ArbiSmart-Vorteil:<\/h2>\n<p>&nbsp;<\/p>\n<div class=\"about_items\">\n<div class=\"info-item col-sm-4\">\n\t\t\t\t\t<img src=\"\/src\/images\/about\/1.png\"><br \/>\nSofortige Handelsausf\u00fchrung<\/div>\n<div class=\"info-item col-sm-4\">\n\t\t\t\t\t<img src=\"\/src\/images\/about\/2.png\"><br \/>\nVerschiedene Kryptow\u00e4hrungsb\u00f6rsen<\/div>\n<div class=\"info-item col-sm-4\">\n\t\t\t\t\t<img src=\"\/src\/images\/about\/3.png\"><br \/>\nEine gro\u00dfe Auswahl an digitalen W\u00e4hrungen<\/div>\n<div class=\"info-item col-sm-4\">\n\t\t\t\t\t<img src=\"\/src\/images\/about\/4.png\"><br \/>\nEine benutzerfreundliche Schnittstelle<\/div>\n<div class=\"info-item col-sm-4\">\n\t\t\t\t\t<img src=\"\/src\/images\/about\/5.png\"><br \/>\nSicherheitsprotokolle auf Bankenniveau<\/div>\n<div class=\"info-item col-sm-4\">\n\t\t\t\t\t<img src=\"\/src\/images\/about\/6.png\"><br \/>\nProfessioneller Service und Support rund um die Uhr<\/div>\n<\/div>\n<div class=\"clear\"><\/div>\n<h2 class=\"section-title\">Unsere Vision<\/h2>\n<p class=\"font-normal\">Wir glauben an die Demokratisierung des Arbitrage-Raums, dadurch dass gro\u00dfe Finanzinstitute gezwungen werden, Macht abzugeben und diese wieder zur\u00fcck in die H\u00e4nde der Normalb\u00fcrger zu legen. Smart Arbitrage Systems hat sich dazu verpflichtet, ein Umfeld zu schaffen, in dem selbst diejenigen, die keine gro\u00dfe Erfahrung oder Hunderttausende an verf\u00fcgbarem Risikokapital besitzen, von Marktpreisunterschieden profitieren k\u00f6nnen. Wir wollen Neueinsteigern helfen, ein St\u00fcck vom Kuchen abzubekommen. Dazu haben wir das gesamte Verfahren so automatisiert und vereinfacht, dass jeder die M\u00f6glichkeit erh\u00e4lt, Marktchancen bei minimaler Exposure und durch maximale Ertr\u00e4ge auszusch\u00f6pfen.<\/p>\n<p>&nbsp;<\/p>\n<h2 class=\"section-title\">Un\u00fcbertroffene Expertise<\/h2>\n<p class=\"font-normal\">Das Team von Smart Arbitrage Systems besteht aus F&#038;E-Experten und Marktspezialisten. Wir bieten unseren Kunden unabh\u00e4ngig von ihrer jeweiligen Erfahrung kompetente pers\u00f6nliche Beratung, damit Sie ihr Gewinnpotenzial optimieren k\u00f6nnen. Gleichzeitig treiben wir mithilfe der Arbitrage-Technologie Innovationen voran, die immer wieder bestehende Grenzen austesten.<\/p>\n","protected":false},"excerpt":{"rendered":"Smart Arbitrage Systems hat einen \u00e4u\u00dferst komplexen Algorithmus speziell zur Steigerung Ihrer Gesch\u00e4ftsergebnisse entwickelt. Das System ist robust, zuverl\u00e4ssig und sicher. Es eliminiert Risiken fast vollst\u00e4ndig, indem es automatisch auf einem Kryptow\u00e4hrungsmarkt zum Niedrigpreis ein- und dann auf einem anderen Markt sofort zum jeweils verf\u00fcgbaren H\u00f6chstpreis wieder verkauft. Unser leistungsstarkes System ist in der Lage,&#8230;","protected":false},"author":1,"featured_media":0,"parent":0,"menu_order":0,"comment_status":"closed","ping_status":"closed","template":"","meta":[],"yoast_head":"<!-- This site is optimized with the Yoast SEO plugin v18.4.1 - https:\/\/yoast.com\/wordpress\/plugins\/seo\/ -->\n<title>About company | ArbiSmart<\/title>\n<meta name=\"description\" content=\"Smart Arbitrage Systems has developed a highly sophisticated algorithm designed to boost your bottom line. Robust, reliable and secure, the system almost completely eliminates risk, automatically buying low on one cryptocurrency market, for instant sale at the highest available price on another.\" \/>\n<meta name=\"robots\" content=\"index, follow, max-snippet:-1, max-image-preview:large, max-video-preview:-1\" \/>\n<link rel=\"canonical\" href=\"https:\/\/wallet.egodev1.info\/about\/\" \/>\n<meta property=\"og:locale\" content=\"de_DE\" \/>\n<meta property=\"og:type\" content=\"article\" \/>\n<meta property=\"og:title\" content=\"About company | ArbiSmart\" \/>\n<meta property=\"og:description\" content=\"Smart Arbitrage Systems has developed a highly sophisticated algorithm designed to boost your bottom line. Robust, reliable and secure, the system almost completely eliminates risk, automatically buying low on one cryptocurrency market, for instant sale at the highest available price on another.\" \/>\n<meta property=\"og:url\" content=\"https:\/\/wallet.egodev1.info\/about\/\" \/>\n<meta property=\"og:site_name\" content=\"Arbismart - Trusted Transparent Arbitrage Trading - EU Regulated.\" \/>\n<meta property=\"article:modified_time\" content=\"2021-07-13T14:15:28+00:00\" \/>\n<meta property=\"og:image\" content=\"https:\/\/wallet.egodev1.info\/src\/images\/about\/1.png\" \/>\n<meta name=\"twitter:card\" content=\"summary_large_image\" \/>\n<meta name=\"twitter:label1\" content=\"Gesch\u00e4tzte Lesezeit\" \/>\n\t<meta name=\"twitter:data1\" content=\"6\u00a0Minuten\" \/>\n<script type=\"application\/ld+json\" class=\"yoast-schema-graph\">{\"@context\":\"https:\/\/schema.org\",\"@graph\":[{\"@type\":\"WebSite\",\"@id\":\"https:\/\/wallet.egodev1.info\/#website\",\"url\":\"https:\/\/wallet.egodev1.info\/\",\"name\":\"Arbismart - Trusted Transparent Arbitrage Trading - EU Regulated.\",\"description\":\"Smart Arbitrage Systems\",\"potentialAction\":[{\"@type\":\"SearchAction\",\"target\":{\"@type\":\"EntryPoint\",\"urlTemplate\":\"https:\/\/wallet.egodev1.info\/?s={search_term_string}\"},\"query-input\":\"required name=search_term_string\"}],\"inLanguage\":\"de-DE\"},{\"@type\":\"ImageObject\",\"@id\":\"https:\/\/wallet.egodev1.info\/about\/#primaryimage\",\"inLanguage\":\"de-DE\",\"url\":\"\/src\/images\/about\/1.png\",\"contentUrl\":\"\/src\/images\/about\/1.png\"},{\"@type\":\"WebPage\",\"@id\":\"https:\/\/wallet.egodev1.info\/about\/#webpage\",\"url\":\"https:\/\/wallet.egodev1.info\/about\/\",\"name\":\"About company | ArbiSmart\",\"isPartOf\":{\"@id\":\"https:\/\/wallet.egodev1.info\/#website\"},\"primaryImageOfPage\":{\"@id\":\"https:\/\/wallet.egodev1.info\/about\/#primaryimage\"},\"datePublished\":\"2019-04-12T07:16:55+00:00\",\"dateModified\":\"2021-07-13T14:15:28+00:00\",\"description\":\"Smart Arbitrage Systems has developed a highly sophisticated algorithm designed to boost your bottom line. Robust, reliable and secure, the system almost completely eliminates risk, automatically buying low on one cryptocurrency market, for instant sale at the highest available price on another.\",\"breadcrumb\":{\"@id\":\"https:\/\/wallet.egodev1.info\/about\/#breadcrumb\"},\"inLanguage\":\"de-DE\",\"potentialAction\":[{\"@type\":\"ReadAction\",\"target\":[\"https:\/\/wallet.egodev1.info\/about\/\"]}]},{\"@type\":\"BreadcrumbList\",\"@id\":\"https:\/\/wallet.egodev1.info\/about\/#breadcrumb\",\"itemListElement\":[{\"@type\":\"ListItem\",\"position\":1,\"name\":\"Home\",\"item\":\"https:\/\/wallet.egodev1.info\/\"},{\"@type\":\"ListItem\",\"position\":2,\"name\":\"About us\"}]}]}<\/script>\n<!-- \/ Yoast SEO plugin. -->","yoast_head_json":{"title":"About company | ArbiSmart","description":"Smart Arbitrage Systems has developed a highly sophisticated algorithm designed to boost your bottom line. Robust, reliable and secure, the system almost completely eliminates risk, automatically buying low on one cryptocurrency market, for instant sale at the highest available price on another.","robots":{"index":"index","follow":"follow","max-snippet":"max-snippet:-1","max-image-preview":"max-image-preview:large","max-video-preview":"max-video-preview:-1"},"canonical":"https:\/\/wallet.egodev1.info\/about\/","og_locale":"de_DE","og_type":"article","og_title":"About company | ArbiSmart","og_description":"Smart Arbitrage Systems has developed a highly sophisticated algorithm designed to boost your bottom line. Robust, reliable and secure, the system almost completely eliminates risk, automatically buying low on one cryptocurrency market, for instant sale at the highest available price on another.","og_url":"https:\/\/wallet.egodev1.info\/about\/","og_site_name":"Arbismart - Trusted Transparent Arbitrage Trading - EU Regulated.","article_modified_time":"2021-07-13T14:15:28+00:00","og_image":[{"url":"https:\/\/wallet.egodev1.info\/src\/images\/about\/1.png"}],"twitter_card":"summary_large_image","twitter_misc":{"Gesch\u00e4tzte Lesezeit":"6\u00a0Minuten"},"schema":{"@context":"https:\/\/schema.org","@graph":[{"@type":"WebSite","@id":"https:\/\/wallet.egodev1.info\/#website","url":"https:\/\/wallet.egodev1.info\/","name":"Arbismart - Trusted Transparent Arbitrage Trading - EU Regulated.","description":"Smart Arbitrage Systems","potentialAction":[{"@type":"SearchAction","target":{"@type":"EntryPoint","urlTemplate":"https:\/\/wallet.egodev1.info\/?s={search_term_string}"},"query-input":"required name=search_term_string"}],"inLanguage":"de-DE"},{"@type":"ImageObject","@id":"https:\/\/wallet.egodev1.info\/about\/#primaryimage","inLanguage":"de-DE","url":"\/src\/images\/about\/1.png","contentUrl":"\/src\/images\/about\/1.png"},{"@type":"WebPage","@id":"https:\/\/wallet.egodev1.info\/about\/#webpage","url":"https:\/\/wallet.egodev1.info\/about\/","name":"About company | ArbiSmart","isPartOf":{"@id":"https:\/\/wallet.egodev1.info\/#website"},"primaryImageOfPage":{"@id":"https:\/\/wallet.egodev1.info\/about\/#primaryimage"},"datePublished":"2019-04-12T07:16:55+00:00","dateModified":"2021-07-13T14:15:28+00:00","description":"Smart Arbitrage Systems has developed a highly sophisticated algorithm designed to boost your bottom line. Robust, reliable and secure, the system almost completely eliminates risk, automatically buying low on one cryptocurrency market, for instant sale at the highest available price on another.","breadcrumb":{"@id":"https:\/\/wallet.egodev1.info\/about\/#breadcrumb"},"inLanguage":"de-DE","potentialAction":[{"@type":"ReadAction","target":["https:\/\/wallet.egodev1.info\/about\/"]}]},{"@type":"BreadcrumbList","@id":"https:\/\/wallet.egodev1.info\/about\/#breadcrumb","itemListElement":[{"@type":"ListItem","position":1,"name":"Home","item":"https:\/\/wallet.egodev1.info\/"},{"@type":"ListItem","position":2,"name":"About us"}]}]}},"_links":{"self":[{"href":"https:\/\/wallet.egodev1.info\/de\/wp-json\/wp\/v2\/pages\/2"}],"collection":[{"href":"https:\/\/wallet.egodev1.info\/de\/wp-json\/wp\/v2\/pages"}],"about":[{"href":"https:\/\/wallet.egodev1.info\/de\/wp-json\/wp\/v2\/types\/page"}],"author":[{"embeddable":true,"href":"https:\/\/wallet.egodev1.info\/de\/wp-json\/wp\/v2\/users\/1"}],"replies":[{"embeddable":true,"href":"https:\/\/wallet.egodev1.info\/de\/wp-json\/wp\/v2\/comments?post=2"}],"version-history":[{"count":18,"href":"https:\/\/wallet.egodev1.info\/de\/wp-json\/wp\/v2\/pages\/2\/revisions"}],"predecessor-version":[{"id":1803,"href":"https:\/\/wallet.egodev1.info\/de\/wp-json\/wp\/v2\/pages\/2\/revisions\/1803"}],"wp:attachment":[{"href":"https:\/\/wallet.egodev1.info\/de\/wp-json\/wp\/v2\/media?parent=2"}],"curies":[{"name":"wp","href":"https:\/\/api.w.org\/{rel}","templated":true}]}}